{"id":924,"date":"2018-11-26T09:17:56","date_gmt":"2018-11-26T09:17:56","guid":{"rendered":"https:\/\/seofy.wgl-demo.net\/?page_id=924"},"modified":"2021-07-19T19:04:57","modified_gmt":"2021-07-19T22:04:57","slug":"porque-contratar-a-transparencia","status":"publish","type":"page","link":"https:\/\/transparenciacontabilgyn.com.br\/old\/porque-contratar-a-transparencia\/","title":{"rendered":"Porque contratar a Transpar\u00eancia?"},"content":{"rendered":"[vc_row full_width=&#8221;stretch_row&#8221; css=&#8221;.vc_custom_1543391413648{margin-top: -40px !important;background-position: center !important;background-repeat: no-repeat !important;background-size: contain !important;}&#8221; add_extended=&#8221;true&#8221; values=&#8221;%5B%7B%22extended_animation%22%3A%22hexagons%22%2C%22figure_color%22%3A%22%23ffffff%22%2C%22drop_colors%22%3A%22one_color%22%2C%22part_color%22%3A%22%23f4f6fd%22%2C%22part_color_1%22%3A%22%23ff7e00%22%2C%22part_color_2%22%3A%22%233224e9%22%2C%22part_color_3%22%3A%22%2369e9f2%22%2C%22extended_animation_pos_vertical%22%3A%2250%22%2C%22extended_animation_pos_horizont%22%3A%2250%22%2C%22sphere_width%22%3A%22100%22%2C%22particles_number%22%3A%223%22%2C%22particles_size%22%3A%22110%22%2C%22particles_speed%22%3A%222%22%2C%22hover_anim%22%3A%22none%22%2C%22parallax_dir%22%3A%22vertical%22%2C%22parallax_factor%22%3A%220.3%22%2C%22particles_position_top%22%3A%220%22%2C%22particles_position_left%22%3A%220%22%2C%22particles_width%22%3A%22100%22%2C%22particles_height%22%3A%22100%22%7D%5D&#8221;][vc_column][vc_row_inner][vc_column_inner width=&#8221;5\/6&#8243; offset=&#8221;vc_col-lg-offset-3 vc_col-lg-6 vc_col-md-offset-2 vc_col-md-8 vc_col-sm-offset-1&#8243;][wgl_image_layers values=&#8221;%5B%7B%22thumbnail%22%3A%221077%22%2C%22left_offset%22%3A%2210%22%2C%22image_animation%22%3A%22zoom_in%22%2C%22image_order%22%3A%222%22%7D%2C%7B%22thumbnail%22%3A%221078%22%2C%22left_offset%22%3A%220%22%2C%22image_animation%22%3A%22slide_right%22%2C%22image_order%22%3A%221%22%7D%2C%7B%22thumbnail%22%3A%221079%22%2C%22image_animation%22%3A%22slide_left%22%2C%22image_order%22%3A%221%22%7D%2C%7B%22thumbnail%22%3A%221083%22%2C%22image_animation%22%3A%22fade_in%22%2C%22image_order%22%3A%222%22%7D%2C%7B%22thumbnail%22%3A%221081%22%2C%22image_animation%22%3A%22slide_big_up%22%2C%22image_order%22%3A%223%22%7D%5D&#8221;][wgl_spacing spacer_size=&#8221;5&#8243;][\/vc_column_inner][\/vc_row_inner][vc_row_inner][vc_column_inner offset=&#8221;vc_col-lg-offset-2 vc_col-lg-8 vc_col-md-offset-1 vc_col-md-10&#8243;][wgl_double_headings align=&#8221;center&#8221; title_color=&#8221;#252525&#8243; subtitle_color=&#8221;#ff7d00&#8243; title=&#8221;Profissionais 100% Dedicados a VOC\u00ca!!&#8221; responsive_font=&#8221;true&#8221; font_size_mobile=&#8221;33&#8243;][wgl_spacing spacer_size=&#8221;19&#8243;][wgl_custom_text font_size=&#8221;18&#8243;]\n<p style=\"text-align: center;\">Contamos com um time de contadores especialistas no seu segmento, sempre dispon\u00edvel para te atender!<\/p>\n[\/wgl_custom_text][wgl_spacing spacer_size=&#8221;42&#8243;][wgl_button button_text=&#8221;FALE COM UM ESPECIALISTA!&#8221; align=&#8221;center&#8221; customize=&#8221;gradient&#8221; text_color=&#8221;#ffffff&#8221; text_color_hover=&#8221;#ffffff&#8221; bg_gradient_start=&#8221;#ffc600&#8243; bg_gradient_end=&#8221;#ff4200&#8243; bg_gradient_start_hover=&#8221;#ff4200&#8243; bg_gradient_end_hover=&#8221;#ffc600&#8243; border_gradient_start=&#8221;#ffc600&#8243; border_gradient_end=&#8221;#ff4200&#8243; border_gradient_start_hover=&#8221;#ff4200&#8243; border_gradient_end_hover=&#8221;#ffc600&#8243; link=&#8221;url:https%3A%2F%2Fapi.whatsapp.com%2Fsend%3Fphone%3D%2B5562992834146|target:_blank&#8221;][\/vc_column_inner][\/vc_row_inner][wgl_divider height=&#8221;1&#8243; divider_color=&#8221;#dee1ed&#8221; divider_line_color=&#8221;#ff7d00&#8243;][wgl_spacing spacer_size=&#8221;8&#8243;][vc_row_inner][vc_column_inner width=&#8221;1\/4&#8243; offset=&#8221;vc_col-xs-6&#8243;][wgl_counter counter_layout=&#8221;top_left&#8221; counter_align=&#8221;center&#8221; icon_type=&#8221;none&#8221; count_value_color=&#8221;#3224e9&#8243; title_tag=&#8221;&#8221; count_title=&#8221;Atendimentos\/M\u00eas&#8221; count_value=&#8221;890&#8243; count_suffix=&#8221;+&#8221; custom_count_value_color=&#8221;true&#8221;][wgl_spacing spacer_size=&#8221;35&#8243;][\/vc_column_inner][vc_column_inner width=&#8221;1\/4&#8243; offset=&#8221;vc_col-xs-6&#8243;][wgl_counter counter_layout=&#8221;top_left&#8221; counter_align=&#8221;center&#8221; icon_type=&#8221;none&#8221; count_value_color=&#8221;#3224e9&#8243; count_title=&#8221;Clientes&#8221; count_value=&#8221;102&#8243; count_suffix=&#8221;+&#8221; custom_count_value_color=&#8221;true&#8221;][wgl_spacing spacer_size=&#8221;35&#8243;][\/vc_column_inner][vc_column_inner width=&#8221;1\/4&#8243; offset=&#8221;vc_col-xs-6&#8243;][wgl_counter counter_layout=&#8221;top_left&#8221; counter_align=&#8221;center&#8221; icon_type=&#8221;none&#8221; count_value_color=&#8221;#3224e9&#8243; count_title=&#8221;Colaboradores&#8221; count_value=&#8221;15&#8243; count_suffix=&#8221;+&#8221; custom_count_value_color=&#8221;true&#8221;][wgl_spacing spacer_size=&#8221;35&#8243;][\/vc_column_inner][vc_column_inner width=&#8221;1\/4&#8243; offset=&#8221;vc_col-xs-6&#8243;][wgl_counter counter_layout=&#8221;top_left&#8221; counter_align=&#8221;center&#8221; icon_type=&#8221;none&#8221; count_value_color=&#8221;#3224e9&#8243; count_title=&#8221;Avalia\u00e7\u00e3o dos Clientes&#8221; count_value=&#8221;9&#8243; custom_count_value_color=&#8221;true&#8221; add_counter_divider=&#8221;true&#8221; count_prefix=&#8221;4.&#8221; count_suffix=&#8221;\/5.0&#8243;][wgl_spacing spacer_size=&#8221;35&#8243;][\/vc_column_inner][\/vc_row_inner][wgl_spacing spacer_size=&#8221;1&#8243;][vc_raw_html]JTNDcCUzRSU1QnRydXN0aW5kZXglMjBkYXRhLXdpZGdldC1pZCUzRDRkMzNmZDYzMmViNjE4MDAyMTViOTg3N2UxJTVEJTNDJTJGcCUzRQ==[\/vc_raw_html][\/vc_column][\/vc_row][vc_row full_width=&#8221;stretch_row&#8221; css=&#8221;.vc_custom_1543227898291{background-color: #f4f6fd !important;}&#8221;][vc_column][vc_row_inner][vc_column_inner offset=&#8221;vc_col-lg-offset-0 vc_col-lg-12 vc_col-md-offset-2 vc_col-md-8&#8243;][wgl_double_headings align=&#8221;center&#8221; title_color=&#8221;#252525&#8243; subtitle_color=&#8221;#ff7d00&#8243; title=&#8221;MOTIVOS PARA CONTRATAR A<\/p>\n<p>TRANSPAR\u00caNCIA CONTABILIDADE&#8221; responsive_font=&#8221;true&#8221; font_size_mobile=&#8221;33&#8243;][wgl_spacing spacer_size=&#8221;10&#8243;][\/vc_column_inner][\/vc_row_inner][vc_row_inner][vc_column_inner width=&#8221;1\/3&#8243;][wgl_info_box ib_align=&#8221;center&#8221; icon_type=&#8221;font&#8221; icon_font_type=&#8221;type_flaticon&#8221; icon_flaticon=&#8221;flaticon-user-6&#8243; icon_color_type=&#8221;gradient&#8221; ib_title=&#8221;Atendimento Eficaz&#8221; ib_content=&#8221;Se seu contador n\u00e3o tem tempo dispon\u00edvel para atender suas demandas e responder suas d\u00favidas, seu empreendimento pode ser prejudicado de diversas formas. A Transpar\u00eancia tem uma equipe especializada e sempre pronta para atender suas solicita\u00e7\u00f5es, esclarecer d\u00favidas e acrescentar o que for necess\u00e1rio para o sucesso do seu neg\u00f3cio.&#8221; add_shadow=&#8221;true&#8221; custom_icon_size=&#8221;38&#8243; custom_icon_bg_width=&#8221;30&#8243; custom_icon_bg_height=&#8221;30&#8243; custom_icon_color=&#8221;true&#8221;][wgl_spacing spacer_size=&#8221;0&#8243; responsive_mobile=&#8221;true&#8221; size_mobile=&#8221;10&#8243;][\/vc_column_inner][vc_column_inner width=&#8221;1\/3&#8243;][wgl_info_box ib_align=&#8221;center&#8221; icon_type=&#8221;font&#8221; icon_font_type=&#8221;type_flaticon&#8221; icon_flaticon=&#8221;flaticon-tv&#8221; icon_color_type=&#8221;gradient&#8221; ib_title=&#8221;Transpar\u00eancia&#8221; ib_content=&#8221;Preocupamos em tonar a sua experi\u00eancia cont\u00e1bil tranquila, pr\u00e1tica e de f\u00e1cil entendimento. Agimos dentro da \u00e9tica e no cumprimento das normas legais, adotando mecanismos de controle para construir uma rela\u00e7\u00e3o transparente e de confian\u00e7a.&#8221; add_shadow=&#8221;true&#8221; custom_icon_bg_width=&#8221;30&#8243; custom_icon_bg_height=&#8221;30&#8243; custom_icon_color=&#8221;true&#8221;][wgl_spacing spacer_size=&#8221;0&#8243; responsive_mobile=&#8221;true&#8221; size_mobile=&#8221;10&#8243;][\/vc_column_inner][vc_column_inner width=&#8221;1\/3&#8243;][wgl_info_box ib_align=&#8221;center&#8221; icon_type=&#8221;font&#8221; icon_font_type=&#8221;type_flaticon&#8221; icon_flaticon=&#8221;flaticon-graph&#8221; icon_color_type=&#8221;gradient&#8221; ib_title=&#8221;Simplicidade nos Processos&#8221; ib_content=&#8221;Falamos a sua l\u00edngua e entendemos os seus processos. Nosso foco est\u00e1 no Cliente, sendo assim deixamos de lado os termos t\u00e9cnicos e complicados e simplificamos todas as etapas, tonando os processos cont\u00e1beis mais simples e de f\u00e1cil compreens\u00e3o para o empreendedor.&#8221; add_shadow=&#8221;true&#8221; custom_icon_bg_width=&#8221;30&#8243; custom_icon_bg_height=&#8221;30&#8243; custom_icon_color=&#8221;true&#8221;][wgl_spacing spacer_size=&#8221;0&#8243; responsive_mobile=&#8221;true&#8221; size_mobile=&#8221;50&#8243;][\/vc_column_inner][\/vc_row_inner][vc_row_inner][vc_column_inner width=&#8221;1\/3&#8243; css=&#8221;.vc_custom_1543398886215{margin-top: -20px !important;}&#8221;][wgl_info_box ib_align=&#8221;center&#8221; icon_type=&#8221;font&#8221; icon_font_type=&#8221;type_flaticon&#8221; icon_flaticon=&#8221;flaticon-iphone&#8221; icon_color_type=&#8221;gradient&#8221; ib_title=&#8221;Tecnologia e Agilidade&#8221; ib_content=&#8221;Contamos com o que h\u00e1 de mais avan\u00e7ado na tecnologia para tornar o gerenciamento do seu neg\u00f3cio mais f\u00e1cil, \u00e1gil e preciso. Essa tecnologia garante organiza\u00e7\u00e3o e o sigilo dos seus dados confidenciais. Voc\u00ea poder\u00e1 gerenciar os lan\u00e7amentos da sua empresa a qualquer minuto&#8221; add_shadow=&#8221;true&#8221; custom_icon_size=&#8221;38&#8243; custom_icon_bg_width=&#8221;30&#8243; custom_icon_bg_height=&#8221;30&#8243; custom_icon_color=&#8221;true&#8221;][wgl_spacing spacer_size=&#8221;0&#8243; responsive_mobile=&#8221;true&#8221; size_mobile=&#8221;25&#8243;][\/vc_column_inner][vc_column_inner width=&#8221;1\/3&#8243; css=&#8221;.vc_custom_1543398895970{margin-top: -20px !important;}&#8221;][wgl_info_box ib_align=&#8221;center&#8221; icon_type=&#8221;font&#8221; icon_font_type=&#8221;type_flaticon&#8221; icon_flaticon=&#8221;flaticon-bulb&#8221; icon_color_type=&#8221;gradient&#8221; ib_title=&#8221;Economia&#8221; ib_content=&#8221;Utilize o nosso sistema emissor de notas fiscais e sistema de gerenciamento financeiro integrado com nosso sistema cont\u00e1bil. Fechando um \u00fanico pacote, voc\u00ea ter\u00e1 uma economia real em seus custos e receber\u00e1 desconto em seus honor\u00e1rios.&#8221; add_shadow=&#8221;true&#8221; custom_icon_bg_width=&#8221;30&#8243; custom_icon_bg_height=&#8221;30&#8243; custom_icon_color=&#8221;true&#8221;][wgl_spacing spacer_size=&#8221;0&#8243; responsive_mobile=&#8221;true&#8221; size_mobile=&#8221;25&#8243;][\/vc_column_inner][vc_column_inner width=&#8221;1\/3&#8243; css=&#8221;.vc_custom_1543398907983{margin-top: -20px !important;}&#8221;][wgl_info_box ib_align=&#8221;center&#8221; icon_type=&#8221;font&#8221; icon_font_type=&#8221;type_flaticon&#8221; icon_flaticon=&#8221;flaticon-handshake&#8221; icon_color_type=&#8221;gradient&#8221; ib_title=&#8221;Facilidade&#8221; ib_content=&#8221;O objetivo da Transpar\u00eancia Contabilidade \u00e9 facilitar sua vida. Voc\u00ea tem acesso direto com o contador, e pode usar o canal de comunica\u00e7\u00e3o que melhor lhe atender: Telefone, WhatsApp, E-mail, Chat. Voc\u00ea pode tamb\u00e9m ter acesso a uma plataforma digital f\u00e1cil de usar para acessar todas as informa\u00e7\u00f5es da sua empresa em poucos cliques.&#8221; add_shadow=&#8221;true&#8221; custom_icon_bg_width=&#8221;30&#8243; custom_icon_bg_height=&#8221;30&#8243; custom_icon_color=&#8221;true&#8221;][wgl_spacing spacer_size=&#8221;0&#8243; responsive_mobile=&#8221;true&#8221; size_mobile=&#8221;25&#8243;][\/vc_column_inner][\/vc_row_inner][wgl_spacing spacer_size=&#8221;85&#8243; screen_tablet=&#8221;768&#8243; responsive_tablet=&#8221;true&#8221; size_tablet=&#8221;35&#8243;][\/vc_column][\/vc_row][vc_row full_width=&#8221;stretch_row&#8221; parallax=&#8221;content-moving&#8221; css=&#8221;.vc_custom_1543580951116{background-image: url(https:\/\/transparenciacontabilgyn.com.br\/old\/wp-content\/uploads\/2018\/11\/services1_bg1_h642.jpg?id=1301) !important;background-position: center;background-repeat: no-repeat;background-size:cover !important;}&#8221; el_class=&#8221;acenter&#8221;][vc_column][wgl_spacing spacer_size=&#8221;55&#8243;][wgl_double_headings align=&#8221;center&#8221; title_color=&#8221;#ffffff&#8221; subtitle_color=&#8221;#ff7d00&#8243; title=&#8221;SIMULE AGORA MESMO UM OR\u00c7AMENTO!!&#8221; custom_title_color=&#8221;true&#8221; responsive_font=&#8221;true&#8221; font_size_mobile=&#8221;33&#8243;][wgl_spacing spacer_size=&#8221;30&#8243;][vc_row_inner][vc_column_inner][vc_btn title=&#8221;CLIQUE AQUI!!&#8221; style=&#8221;gradient-custom&#8221; gradient_custom_color_1=&#8221;#11cc00&#8243; gradient_custom_color_2=&#8221;#e4e814&#8243; size=&#8221;lg&#8221; i_icon_fontawesome=&#8221;fab fa-whatsapp&#8221; add_icon=&#8221;true&#8221; link=&#8221;url:https%3A%2F%2Fapi.whatsapp.com%2Fsend%3Fphone%3D%2B5562992834146|target:_blank&#8221;][\/vc_column_inner][\/vc_row_inner][wgl_spacing spacer_size=&#8221;162&#8243; screen_tablet=&#8221;768&#8243; responsive_tablet=&#8221;true&#8221; size_tablet=&#8221;100&#8243;][\/vc_column][\/vc_row]\n","protected":false},"excerpt":{"rendered":"<p>[vc_row full_width=&#8221;stretch_row&#8221; css=&#8221;.vc_custom_1543391413648{margin-top: -40px !important;background-position: center !important;background-repeat: no-repeat !important;background-size: contain !important;}&#8221; add_extended=&#8221;true&#8221; values=&#8221;%5B%7B%22extended_animation%22%3A%22hexagons%22%2C%22figure_color%22%3A%22%23ffffff%22%2C%22drop_colors%22%3A%22one_color%22%2C%22part_color%22%3A%22%23f4f6fd%22%2C%22part_color_1%22%3A%22%23ff7e00%22%2C%22part_color_2%22%3A%22%233224e9%22%2C%22part_color_3%22%3A%22%2369e9f2%22%2C%22extended_animation_pos_vertical%22%3A%2250%22%2C%22extended_animation_pos_horizont%22%3A%2250%22%2C%22sphere_width%22%3A%22100%22%2C%22particles_number%22%3A%223%22%2C%22particles_size%22%3A%22110%22%2C%22particles_speed%22%3A%222%22%2C%22hover_anim%22%3A%22none%22%2C%22parallax_dir%22%3A%22vertical%22%2C%22parallax_factor%22%3A%220.3%22%2C%22particles_position_top%22%3A%220%22%2C%22particles_position_left%22%3A%220%22%2C%22particles_width%22%3A%22100%22%2C%22particles_height%22%3A%22100%22%7D%5D&#8221;][vc_column][vc_row_inner][vc_column_inner width=&#8221;5\/6&#8243; offset=&#8221;vc_col-lg-offset-3 vc_col-lg-6 vc_col-md-offset-2 vc_col-md-8 vc_col-sm-offset-1&#8243;][wgl_image_layers values=&#8221;%5B%7B%22thumbnail%22%3A%221077%22%2C%22left_offset%22%3A%2210%22%2C%22image_animation%22%3A%22zoom_in%22%2C%22image_order%22%3A%222%22%7D%2C%7B%22thumbnail%22%3A%221078%22%2C%22left_offset%22%3A%220%22%2C%22image_animation%22%3A%22slide_right%22%2C%22image_order%22%3A%221%22%7D%2C%7B%22thumbnail%22%3A%221079%22%2C%22image_animation%22%3A%22slide_left%22%2C%22image_order%22%3A%221%22%7D%2C%7B%22thumbnail%22%3A%221083%22%2C%22image_animation%22%3A%22fade_in%22%2C%22image_order%22%3A%222%22%7D%2C%7B%22thumbnail%22%3A%221081%22%2C%22image_animation%22%3A%22slide_big_up%22%2C%22image_order%22%3A%223%22%7D%5D&#8221;][wgl_spacing spacer_size=&#8221;5&#8243;][\/vc_column_inner][\/vc_row_inner][vc_row_inner][vc_column_inner offset=&#8221;vc_col-lg-offset-2 vc_col-lg-8 vc_col-md-offset-1 vc_col-md-10&#8243;][wgl_double_headings align=&#8221;center&#8221; title_color=&#8221;#252525&#8243; subtitle_color=&#8221;#ff7d00&#8243; title=&#8221;Profissionais 100% Dedicados a VOC\u00ca!!&#8221; responsive_font=&#8221;true&#8221; font_size_mobile=&#8221;33&#8243;][wgl_spacing spacer_size=&#8221;19&#8243;][wgl_custom_text font_size=&#8221;18&#8243;] Contamos com um time de contadores especialistas no seu segmento, sempre dispon\u00edvel para te atender! [\/wgl_custom_text][wgl_spacing spacer_size=&#8221;42&#8243;][wgl_button button_text=&#8221;FALE [&hellip;]<\/p>\n","protected":false},"author":4,"featured_media":0,"parent":0,"menu_order":0,"comment_status":"closed","ping_status":"closed","template":"","meta":{"_seopress_robots_primary_cat":"","_seopress_titles_title":"","_seopress_titles_desc":"","_seopress_robots_index":""},"_links":{"self":[{"href":"https:\/\/transparenciacontabilgyn.com.br\/old\/wp-json\/wp\/v2\/pages\/924"}],"collection":[{"href":"https:\/\/transparenciacontabilgyn.com.br\/old\/wp-json\/wp\/v2\/pages"}],"about":[{"href":"https:\/\/transparenciacontabilgyn.com.br\/old\/wp-json\/wp\/v2\/types\/page"}],"author":[{"embeddable":true,"href":"https:\/\/transparenciacontabilgyn.com.br\/old\/wp-json\/wp\/v2\/users\/4"}],"replies":[{"embeddable":true,"href":"https:\/\/transparenciacontabilgyn.com.br\/old\/wp-json\/wp\/v2\/comments?post=924"}],"version-history":[{"count":10,"href":"https:\/\/transparenciacontabilgyn.com.br\/old\/wp-json\/wp\/v2\/pages\/924\/revisions"}],"predecessor-version":[{"id":3267,"href":"https:\/\/transparenciacontabilgyn.com.br\/old\/wp-json\/wp\/v2\/pages\/924\/revisions\/3267"}],"wp:attachment":[{"href":"https:\/\/transparenciacontabilgyn.com.br\/old\/wp-json\/wp\/v2\/media?parent=924"}],"curies":[{"name":"wp","href":"https:\/\/api.w.org\/{rel}","templated":true}]}}