{"id":3248,"date":"2021-07-19T18:04:51","date_gmt":"2021-07-19T21:04:51","guid":{"rendered":"https:\/\/transparenciacontabilgyn.com.br\/old\/?page_id=3248"},"modified":"2021-07-19T18:16:57","modified_gmt":"2021-07-19T21:16:57","slug":"sistema-de-gestao","status":"publish","type":"page","link":"https:\/\/transparenciacontabilgyn.com.br\/old\/sistema-de-gestao\/","title":{"rendered":"Sistema de Gest\u00e3o"},"content":{"rendered":"[vc_row][vc_column][wgl_double_headings align=&#8221;center&#8221; title_color=&#8221;#252525&#8243; subtitle_color=&#8221;#ff7d00&#8243; title=&#8221;Gerencie sua empresa de forma profissional com o Sistema de Gest\u00e3o Financeira Transpar\u00eancia!&#8221;][wgl_spacing spacer_size=&#8221;30px&#8221;][wgl_custom_text font_size=&#8221;16&#8243;]\n<h1><strong>Tenha total controle sobre as finan\u00e7as da sua empresa. Gerencie com facilidade seu fluxo de caixa, contas a pagar e receber, tenha relat\u00f3rios gerenciais para acompanhamento de suas finan\u00e7as.<\/strong><\/h1>\n<h1><strong>\u00b7\u00a0\u00a0\u00a0\u00a0\u00a0 <\/strong><strong>Sistema Online;<\/strong><\/h1>\n<h1><strong>\u00b7\u00a0\u00a0\u00a0\u00a0\u00a0 <\/strong><strong>Implanta\u00e7\u00e3o Gratuita;<\/strong><\/h1>\n<h1><strong>\u00b7\u00a0\u00a0\u00a0\u00a0\u00a0 <\/strong><strong>Integra\u00e7\u00e3o com emissor de NF-e;<\/strong><\/h1>\n<h1><strong>\u00b7\u00a0\u00a0\u00a0\u00a0\u00a0 <\/strong><strong>Relat\u00f3rios gerenciais e Dashboards.<\/strong><\/h1>\n[\/wgl_custom_text][\/vc_column][\/vc_row][vc_row][vc_column width=&#8221;1\/3&#8243;][wgl_info_box ib_align=&#8221;center&#8221; icon_type=&#8221;font&#8221; icon_font_type=&#8221;type_fontawesome&#8221; icon_fontawesome=&#8221;fas fa-hand-holding-usd&#8221; icon_color_type=&#8221;gradient&#8221; ib_title=&#8221;FLUXO DE CAIXA&#8221; ib_subtitle=&#8221;Projete o fluxo de caixa facilmente e veja os resultados futuros de sua empresa a partir das contas a pagar e receber e das metas definidas&#8221; custom_icon_color=&#8221;true&#8221;][wgl_info_box ib_align=&#8221;center&#8221; icon_type=&#8221;font&#8221; icon_font_type=&#8221;type_fontawesome&#8221; icon_fontawesome=&#8221;fas fa-users&#8221; icon_color_type=&#8221;gradient&#8221; ib_title=&#8221;CADASTRO DE CLIENTES E FORNECEDORES&#8221; ib_subtitle=&#8221;Seu cadastro de clientes e fornecedores atualizado de forma simples e pr\u00e1tica, com busca de dados na receita federal&#8221; custom_icon_color=&#8221;true&#8221;][\/vc_column][vc_column width=&#8221;1\/3&#8243;][wgl_info_box ib_align=&#8221;center&#8221; icon_type=&#8221;font&#8221; icon_font_type=&#8221;type_fontawesome&#8221; icon_fontawesome=&#8221;fas fa-comment-dollar&#8221; icon_color_type=&#8221;gradient&#8221; ib_title=&#8221;CONTAS A PAGAR E RECEBER&#8221; ib_subtitle=&#8221;Tenha total controle do contas a pagar e a receber de sua empresa &#8221; custom_icon_color=&#8221;true&#8221;][\/vc_column][vc_column width=&#8221;1\/3&#8243;][wgl_info_box ib_align=&#8221;center&#8221; icon_type=&#8221;font&#8221; icon_font_type=&#8221;type_fontawesome&#8221; icon_fontawesome=&#8221;fas fa-university&#8221; ib_title=&#8221;MOVIMENTA\u00c7\u00c3O BANC\u00c1RIA&#8221; ib_subtitle=&#8221;Controle os saldos sua empresa facilmente, conciliando seus extratos banc\u00e1rios &#8220;][wgl_info_box ib_align=&#8221;center&#8221; icon_type=&#8221;font&#8221; icon_font_type=&#8221;type_fontawesome&#8221; icon_fontawesome=&#8221;fas fa-clipboard&#8221; ib_title=&#8221;INTEGRA\u00c7\u00c3O COM EMISSOR DE NFE&#8221; ib_subtitle=&#8221;Integra\u00e7\u00e3o completa com emissor de nota fiscal Eletr\u00f4nica&#8221;][\/vc_column][\/vc_row][vc_row][vc_column][vc_btn title=&#8221;FALE COM UM ESPECIALISTA AGORA!&#8221; style=&#8221;gradient&#8221; gradient_color_1=&#8221;green&#8221; gradient_color_2=&#8221;vista-blue&#8221; shape=&#8221;round&#8221; size=&#8221;lg&#8221; align=&#8221;center&#8221; i_icon_fontawesome=&#8221;fab fa-whatsapp&#8221; button_block=&#8221;true&#8221; add_icon=&#8221;true&#8221; link=&#8221;url:https%3A%2F%2Fapi.whatsapp.com%2Fsend%3Fphone%3D%2B5562992834146|target:_blank&#8221;][\/vc_column][\/vc_row]\n","protected":false},"excerpt":{"rendered":"<p>[vc_row][vc_column][wgl_double_headings align=&#8221;center&#8221; title_color=&#8221;#252525&#8243; subtitle_color=&#8221;#ff7d00&#8243; title=&#8221;Gerencie sua empresa de forma profissional com o Sistema de Gest\u00e3o Financeira Transpar\u00eancia!&#8221;][wgl_spacing spacer_size=&#8221;30px&#8221;][wgl_custom_text font_size=&#8221;16&#8243;] Tenha total controle sobre as finan\u00e7as da sua empresa. Gerencie com facilidade seu fluxo de caixa, contas a pagar e receber, tenha relat\u00f3rios gerenciais para acompanhamento de suas finan\u00e7as. \u00b7\u00a0\u00a0\u00a0\u00a0\u00a0 Sistema Online; \u00b7\u00a0\u00a0\u00a0\u00a0\u00a0 Implanta\u00e7\u00e3o Gratuita; \u00b7\u00a0\u00a0\u00a0\u00a0\u00a0 [&hellip;]<\/p>\n","protected":false},"author":4,"featured_media":0,"parent":0,"menu_order":0,"comment_status":"closed","ping_status":"closed","template":"","meta":{"_seopress_robots_primary_cat":"","_seopress_titles_title":"","_seopress_titles_desc":"","_seopress_robots_index":""},"_links":{"self":[{"href":"https:\/\/transparenciacontabilgyn.com.br\/old\/wp-json\/wp\/v2\/pages\/3248"}],"collection":[{"href":"https:\/\/transparenciacontabilgyn.com.br\/old\/wp-json\/wp\/v2\/pages"}],"about":[{"href":"https:\/\/transparenciacontabilgyn.com.br\/old\/wp-json\/wp\/v2\/types\/page"}],"author":[{"embeddable":true,"href":"https:\/\/transparenciacontabilgyn.com.br\/old\/wp-json\/wp\/v2\/users\/4"}],"replies":[{"embeddable":true,"href":"https:\/\/transparenciacontabilgyn.com.br\/old\/wp-json\/wp\/v2\/comments?post=3248"}],"version-history":[{"count":2,"href":"https:\/\/transparenciacontabilgyn.com.br\/old\/wp-json\/wp\/v2\/pages\/3248\/revisions"}],"predecessor-version":[{"id":3252,"href":"https:\/\/transparenciacontabilgyn.com.br\/old\/wp-json\/wp\/v2\/pages\/3248\/revisions\/3252"}],"wp:attachment":[{"href":"https:\/\/transparenciacontabilgyn.com.br\/old\/wp-json\/wp\/v2\/media?parent=3248"}],"curies":[{"name":"wp","href":"https:\/\/api.w.org\/{rel}","templated":true}]}}