{"id":3239,"date":"2021-07-19T17:59:28","date_gmt":"2021-07-19T20:59:28","guid":{"rendered":"https:\/\/transparenciacontabilgyn.com.br\/old\/?page_id=3239"},"modified":"2021-07-19T18:02:25","modified_gmt":"2021-07-19T21:02:25","slug":"certificado-digital","status":"publish","type":"page","link":"https:\/\/transparenciacontabilgyn.com.br\/old\/certificado-digital\/","title":{"rendered":"Certificado Digital"},"content":{"rendered":"[vc_row][vc_column][wgl_double_headings align=&#8221;center&#8221; title_color=&#8221;#252525&#8243; subtitle_color=&#8221;#ff7d00&#8243; title=&#8221;Aqui voc\u00ea pode emitir seu certificado digital, ap\u00f3s o processo de valida\u00e7\u00e3o presencial !&#8221;][wgl_spacing spacer_size=&#8221;30px&#8221;][wgl_custom_text font_size=&#8221;16&#8243;]\n<p style=\"text-align: center;\"><strong>Voc\u00ea precisar\u00e1 do nome do usu\u00e1rio, informado a voc\u00ea no momento da valida\u00e7\u00e3o presencial. E tamb\u00e9m precisar\u00e1 da senha de emiss\u00e3o do certificado digital, criada durante o processo de solicita\u00e7\u00e3o do seu certificado!<\/strong><\/p>\n[\/wgl_custom_text][wgl_spacing spacer_size=&#8221;30px&#8221;][vc_btn title=&#8221;CRIE SEU CERTIFICADO e-CPF ou CERTIFICADO e-CNPJ AGORA&#8221; style=&#8221;gradient&#8221; gradient_color_1=&#8221;green&#8221; gradient_color_2=&#8221;vista-blue&#8221; shape=&#8221;round&#8221; size=&#8221;lg&#8221; align=&#8221;center&#8221; i_icon_fontawesome=&#8221;fab fa-whatsapp&#8221; button_block=&#8221;true&#8221; add_icon=&#8221;true&#8221; link=&#8221;url:https%3A%2F%2Fapi.whatsapp.com%2Fsend%3Fphone%3D%2B5562992834146|target:_blank&#8221;][\/vc_column][\/vc_row]\n","protected":false},"excerpt":{"rendered":"<p>[vc_row][vc_column][wgl_double_headings align=&#8221;center&#8221; title_color=&#8221;#252525&#8243; subtitle_color=&#8221;#ff7d00&#8243; title=&#8221;Aqui voc\u00ea pode emitir seu certificado digital, ap\u00f3s o processo de valida\u00e7\u00e3o presencial !&#8221;][wgl_spacing spacer_size=&#8221;30px&#8221;][wgl_custom_text font_size=&#8221;16&#8243;] Voc\u00ea precisar\u00e1 do nome do usu\u00e1rio, informado a voc\u00ea no momento da valida\u00e7\u00e3o presencial. E tamb\u00e9m precisar\u00e1 da senha de emiss\u00e3o do certificado digital, criada durante o processo de solicita\u00e7\u00e3o do seu certificado! [\/wgl_custom_text][wgl_spacing spacer_size=&#8221;30px&#8221;][vc_btn [&hellip;]<\/p>\n","protected":false},"author":4,"featured_media":0,"parent":0,"menu_order":0,"comment_status":"closed","ping_status":"closed","template":"","meta":{"_seopress_robots_primary_cat":"","_seopress_titles_title":"","_seopress_titles_desc":"","_seopress_robots_index":""},"_links":{"self":[{"href":"https:\/\/transparenciacontabilgyn.com.br\/old\/wp-json\/wp\/v2\/pages\/3239"}],"collection":[{"href":"https:\/\/transparenciacontabilgyn.com.br\/old\/wp-json\/wp\/v2\/pages"}],"about":[{"href":"https:\/\/transparenciacontabilgyn.com.br\/old\/wp-json\/wp\/v2\/types\/page"}],"author":[{"embeddable":true,"href":"https:\/\/transparenciacontabilgyn.com.br\/old\/wp-json\/wp\/v2\/users\/4"}],"replies":[{"embeddable":true,"href":"https:\/\/transparenciacontabilgyn.com.br\/old\/wp-json\/wp\/v2\/comments?post=3239"}],"version-history":[{"count":2,"href":"https:\/\/transparenciacontabilgyn.com.br\/old\/wp-json\/wp\/v2\/pages\/3239\/revisions"}],"predecessor-version":[{"id":3242,"href":"https:\/\/transparenciacontabilgyn.com.br\/old\/wp-json\/wp\/v2\/pages\/3239\/revisions\/3242"}],"wp:attachment":[{"href":"https:\/\/transparenciacontabilgyn.com.br\/old\/wp-json\/wp\/v2\/media?parent=3239"}],"curies":[{"name":"wp","href":"https:\/\/api.w.org\/{rel}","templated":true}]}}