{"id":3235,"date":"2021-07-19T17:56:05","date_gmt":"2021-07-19T20:56:05","guid":{"rendered":"https:\/\/transparenciacontabilgyn.com.br\/old\/?page_id=3235"},"modified":"2021-07-19T17:58:46","modified_gmt":"2021-07-19T20:58:46","slug":"terceirizacao-do-financeiro","status":"publish","type":"page","link":"https:\/\/transparenciacontabilgyn.com.br\/old\/terceirizacao-do-financeiro\/","title":{"rendered":"Terceiriza\u00e7\u00e3o do Financeiro"},"content":{"rendered":"[vc_row][vc_column][wgl_double_headings align=&#8221;center&#8221; title_color=&#8221;#252525&#8243; subtitle_color=&#8221;#ff7d00&#8243; title=&#8221;Terceirize o seu Departamento Financeiro&#8221; subtitle=&#8221;Profissionalize o seu setor e tenha todos os seu pagamentos e recebimentos e dia, software financeiro completo com emissor de NFe, e an\u00e1lise mensal de seus dados por um especialista&#8221;][wgl_spacing spacer_size=&#8221;30px&#8221;][wgl_custom_text font_size=&#8221;16&#8243;]\n<p style=\"text-align: center;\">Sua empresa pode ficar livre da Burocracia, terceirizando o servi\u00e7o de BPO financeiro com a Transpar\u00eancia.<\/p>\n<p style=\"text-align: center;\">\n<p style=\"text-align: center;\">Com a terceiriza\u00e7\u00e3o do departamento financeiro a sua empresa n\u00e3o precisar\u00e1 mais se preocupar com a burocracia das rotinas financeira. Faremos toda a gest\u00e3o de recebimentos, realizando todos seus faturamentos, acompanhando diariamente todas as suas transa\u00e7\u00f5es, gerenciando tamb\u00e9m pagamentos, gerando relat\u00f3rios e evitando erros cometidos por profissionais n\u00e3o qualificados.<\/p>\n[\/wgl_custom_text][wgl_spacing spacer_size=&#8221;30px&#8221;][vc_btn title=&#8221;SOLICITE UMA PROPOSTA!&#8221; style=&#8221;gradient&#8221; gradient_color_1=&#8221;green&#8221; gradient_color_2=&#8221;vista-blue&#8221; shape=&#8221;round&#8221; size=&#8221;lg&#8221; align=&#8221;center&#8221; i_icon_fontawesome=&#8221;fab fa-whatsapp&#8221; button_block=&#8221;true&#8221; add_icon=&#8221;true&#8221; link=&#8221;url:https%3A%2F%2Fapi.whatsapp.com%2Fsend%3Fphone%3D%2B5562992834146|target:_blank&#8221;][\/vc_column][\/vc_row]\n","protected":false},"excerpt":{"rendered":"<p>[vc_row][vc_column][wgl_double_headings align=&#8221;center&#8221; title_color=&#8221;#252525&#8243; subtitle_color=&#8221;#ff7d00&#8243; title=&#8221;Terceirize o seu Departamento Financeiro&#8221; subtitle=&#8221;Profissionalize o seu setor e tenha todos os seu pagamentos e recebimentos e dia, software financeiro completo com emissor de NFe, e an\u00e1lise mensal de seus dados por um especialista&#8221;][wgl_spacing spacer_size=&#8221;30px&#8221;][wgl_custom_text font_size=&#8221;16&#8243;] Sua empresa pode ficar livre da Burocracia, terceirizando o servi\u00e7o de BPO financeiro com [&hellip;]<\/p>\n","protected":false},"author":4,"featured_media":0,"parent":0,"menu_order":0,"comment_status":"closed","ping_status":"closed","template":"","meta":{"_seopress_robots_primary_cat":"","_seopress_titles_title":"","_seopress_titles_desc":"","_seopress_robots_index":""},"_links":{"self":[{"href":"https:\/\/transparenciacontabilgyn.com.br\/old\/wp-json\/wp\/v2\/pages\/3235"}],"collection":[{"href":"https:\/\/transparenciacontabilgyn.com.br\/old\/wp-json\/wp\/v2\/pages"}],"about":[{"href":"https:\/\/transparenciacontabilgyn.com.br\/old\/wp-json\/wp\/v2\/types\/page"}],"author":[{"embeddable":true,"href":"https:\/\/transparenciacontabilgyn.com.br\/old\/wp-json\/wp\/v2\/users\/4"}],"replies":[{"embeddable":true,"href":"https:\/\/transparenciacontabilgyn.com.br\/old\/wp-json\/wp\/v2\/comments?post=3235"}],"version-history":[{"count":2,"href":"https:\/\/transparenciacontabilgyn.com.br\/old\/wp-json\/wp\/v2\/pages\/3235\/revisions"}],"predecessor-version":[{"id":3238,"href":"https:\/\/transparenciacontabilgyn.com.br\/old\/wp-json\/wp\/v2\/pages\/3235\/revisions\/3238"}],"wp:attachment":[{"href":"https:\/\/transparenciacontabilgyn.com.br\/old\/wp-json\/wp\/v2\/media?parent=3235"}],"curies":[{"name":"wp","href":"https:\/\/api.w.org\/{rel}","templated":true}]}}