{"id":3230,"date":"2021-07-19T17:46:02","date_gmt":"2021-07-19T20:46:02","guid":{"rendered":"https:\/\/transparenciacontabilgyn.com.br\/old\/?page_id=3230"},"modified":"2021-07-19T17:54:16","modified_gmt":"2021-07-19T20:54:16","slug":"recuperacao-tributaria","status":"publish","type":"page","link":"https:\/\/transparenciacontabilgyn.com.br\/old\/recuperacao-tributaria\/","title":{"rendered":"Recupera\u00e7\u00e3o Tribut\u00e1ria"},"content":{"rendered":"[vc_row][vc_column][wgl_double_headings align=&#8221;center&#8221; title_color=&#8221;#252525&#8243; subtitle_color=&#8221;#ff7d00&#8243; title=&#8221;Diagn\u00f3stico Voltado para Pequenas Empresas!<br \/>\n&#8221; subtitle=&#8221;Descubra se voc\u00ea est\u00e1 pagando mais tributos do que deveria, fa\u00e7a um diagn\u00f3stico de seus tributos sem compromisso com a Transpar\u00eancia Contabilidade&#8221;][wgl_spacing spacer_size=&#8221;30px&#8221;][wgl_custom_text font_size=&#8221;16&#8243;]\n<p style=\"text-align: center;\">Revise os tributos de sua empresa, fa\u00e7a um\u00a0diagn\u00f3stico <strong>sem compromisso<\/strong>\u00a0com\u00a0a Transpar\u00eancia Contabilidade e descubra se sua empresa est\u00e1 pagando imposto indevido.<\/p>\n<p style=\"text-align: center;\">Se a sua empresa comercializa produtos monof\u00e1sicos, ela j\u00e1 pagou os impostos PIS\/COFINS na compra da mercadoria e n\u00e3o precisa pagar novamente na venda.<\/p>\n<p style=\"text-align: center;\">Ser\u00e1 que est\u00e1 sendo feito a segrega\u00e7\u00e3o de todas as vendas de produtos monof\u00e1sicos, uma a uma, e deduzindo o que j\u00e1 foi pago na compra?<\/p>\n<p style=\"text-align: center;\">Podemos avaliar rapidamente se a sua empresa tem valores a recuperar sobre os \u00faltimos 5 anos. O cr\u00e9dito cai direto em sua conta.<\/p>\n<p style=\"text-align: center;\"><strong>Principais Segmentos: Bebidas Frias, Perfumaria, Rem\u00e9dios, Ve\u00edculos, M\u00e1quinas, Combust\u00edveis, Autope\u00e7as, etc.<\/strong><\/p>\n[\/wgl_custom_text][\/vc_column][\/vc_row][vc_row][vc_column][wgl_double_headings align=&#8221;center&#8221; title_color=&#8221;#252525&#8243; subtitle_color=&#8221;#ff7d00&#8243; title=&#8221;VOC\u00ca S\u00d3 NOS PAGA QUANDO RECEBER!&#8221;][wgl_spacing spacer_size=&#8221;30px&#8221;][vc_btn title=&#8221;FALE COM UM ESPECIALISTA AGORA!&#8221; style=&#8221;gradient&#8221; gradient_color_1=&#8221;green&#8221; gradient_color_2=&#8221;vista-blue&#8221; shape=&#8221;round&#8221; size=&#8221;lg&#8221; align=&#8221;center&#8221; i_icon_fontawesome=&#8221;fab fa-whatsapp&#8221; button_block=&#8221;true&#8221; add_icon=&#8221;true&#8221; link=&#8221;url:https%3A%2F%2Fapi.whatsapp.com%2Fsend%3Fphone%3D%2B5562992834146|target:_blank&#8221;][\/vc_column][\/vc_row]\n","protected":false},"excerpt":{"rendered":"<p>[vc_row][vc_column][wgl_double_headings align=&#8221;center&#8221; title_color=&#8221;#252525&#8243; subtitle_color=&#8221;#ff7d00&#8243; title=&#8221;Diagn\u00f3stico Voltado para Pequenas Empresas! &#8221; subtitle=&#8221;Descubra se voc\u00ea est\u00e1 pagando mais tributos do que deveria, fa\u00e7a um diagn\u00f3stico de seus tributos sem compromisso com a Transpar\u00eancia Contabilidade&#8221;][wgl_spacing spacer_size=&#8221;30px&#8221;][wgl_custom_text font_size=&#8221;16&#8243;] Revise os tributos de sua empresa, fa\u00e7a um\u00a0diagn\u00f3stico sem compromisso\u00a0com\u00a0a Transpar\u00eancia Contabilidade e descubra se sua empresa est\u00e1 pagando imposto indevido. [&hellip;]<\/p>\n","protected":false},"author":4,"featured_media":0,"parent":0,"menu_order":0,"comment_status":"closed","ping_status":"closed","template":"","meta":{"_seopress_robots_primary_cat":"","_seopress_titles_title":"","_seopress_titles_desc":"","_seopress_robots_index":""},"_links":{"self":[{"href":"https:\/\/transparenciacontabilgyn.com.br\/old\/wp-json\/wp\/v2\/pages\/3230"}],"collection":[{"href":"https:\/\/transparenciacontabilgyn.com.br\/old\/wp-json\/wp\/v2\/pages"}],"about":[{"href":"https:\/\/transparenciacontabilgyn.com.br\/old\/wp-json\/wp\/v2\/types\/page"}],"author":[{"embeddable":true,"href":"https:\/\/transparenciacontabilgyn.com.br\/old\/wp-json\/wp\/v2\/users\/4"}],"replies":[{"embeddable":true,"href":"https:\/\/transparenciacontabilgyn.com.br\/old\/wp-json\/wp\/v2\/comments?post=3230"}],"version-history":[{"count":2,"href":"https:\/\/transparenciacontabilgyn.com.br\/old\/wp-json\/wp\/v2\/pages\/3230\/revisions"}],"predecessor-version":[{"id":3233,"href":"https:\/\/transparenciacontabilgyn.com.br\/old\/wp-json\/wp\/v2\/pages\/3230\/revisions\/3233"}],"wp:attachment":[{"href":"https:\/\/transparenciacontabilgyn.com.br\/old\/wp-json\/wp\/v2\/media?parent=3230"}],"curies":[{"name":"wp","href":"https:\/\/api.w.org\/{rel}","templated":true}]}}