{"id":3225,"date":"2021-07-19T17:39:27","date_gmt":"2021-07-19T20:39:27","guid":{"rendered":"https:\/\/transparenciacontabilgyn.com.br\/old\/?page_id=3225"},"modified":"2021-07-19T17:44:26","modified_gmt":"2021-07-19T20:44:26","slug":"consultoria-empresarial","status":"publish","type":"page","link":"https:\/\/transparenciacontabilgyn.com.br\/old\/consultoria-empresarial\/","title":{"rendered":"Consultoria Empresarial"},"content":{"rendered":"[vc_row][vc_column][wgl_custom_text font_size=&#8221;30&#8243;]\n<p style=\"text-align: center;\">Alavanque o desenvolvimento da sua empresa identificando pontos de oportunidades e melhoria, aprenda a controlar seus n\u00fameros e criar <strong>planejamentos estrat\u00e9gicos<\/strong> para sua organiza\u00e7\u00e3o.<\/p>\n<p style=\"text-align: center;\">N\u00e3o seja um empreendedor amador, fa\u00e7a parte do grupo de empresas que tomam decis\u00f5es planejadas e direcionadas com base em fatos e dados<strong>. <\/strong><\/p>\n<p style=\"text-align: center;\">Receba uma\u00a0<strong>avalia\u00e7\u00e3o gratuita completa<\/strong>\u00a0criada pelo nosso time de consultores para ajudar a gest\u00e3o do seu neg\u00f3cio<\/p>\n[\/wgl_custom_text][\/vc_column][\/vc_row][vc_row][vc_column][wgl_spacing spacer_size=&#8221;30px&#8221;][wgl_double_headings align=&#8221;center&#8221; title_color=&#8221;#252525&#8243; subtitle_color=&#8221;#ff7d00&#8243; title=&#8221;Profissionalize a gest\u00e3o do seu neg\u00f3cio, converse com um especialista no assunto e alavanque os seus resultados!&#8221;][wgl_spacing spacer_size=&#8221;30px&#8221;][vc_btn title=&#8221;QUERO RECEBER MINHA AVALIA\u00c7\u00c3O GRATUITA!&#8221; style=&#8221;gradient&#8221; gradient_color_1=&#8221;green&#8221; gradient_color_2=&#8221;vista-blue&#8221; shape=&#8221;round&#8221; size=&#8221;lg&#8221; align=&#8221;center&#8221; i_icon_fontawesome=&#8221;fab fa-whatsapp&#8221; button_block=&#8221;true&#8221; add_icon=&#8221;true&#8221; link=&#8221;url:https%3A%2F%2Fapi.whatsapp.com%2Fsend%3Fphone%3D%2B5562992834146|target:_blank&#8221; css=&#8221;.vc_custom_1626727448017{border-radius: 35px !important;}&#8221;][\/vc_column][\/vc_row]\n","protected":false},"excerpt":{"rendered":"<p>[vc_row][vc_column][wgl_custom_text font_size=&#8221;30&#8243;] Alavanque o desenvolvimento da sua empresa identificando pontos de oportunidades e melhoria, aprenda a controlar seus n\u00fameros e criar planejamentos estrat\u00e9gicos para sua organiza\u00e7\u00e3o. N\u00e3o seja um empreendedor amador, fa\u00e7a parte do grupo de empresas que tomam decis\u00f5es planejadas e direcionadas com base em fatos e dados. Receba uma\u00a0avalia\u00e7\u00e3o gratuita completa\u00a0criada pelo nosso [&hellip;]<\/p>\n","protected":false},"author":4,"featured_media":0,"parent":0,"menu_order":0,"comment_status":"closed","ping_status":"closed","template":"","meta":{"_seopress_robots_primary_cat":"","_seopress_titles_title":"","_seopress_titles_desc":"","_seopress_robots_index":""},"_links":{"self":[{"href":"https:\/\/transparenciacontabilgyn.com.br\/old\/wp-json\/wp\/v2\/pages\/3225"}],"collection":[{"href":"https:\/\/transparenciacontabilgyn.com.br\/old\/wp-json\/wp\/v2\/pages"}],"about":[{"href":"https:\/\/transparenciacontabilgyn.com.br\/old\/wp-json\/wp\/v2\/types\/page"}],"author":[{"embeddable":true,"href":"https:\/\/transparenciacontabilgyn.com.br\/old\/wp-json\/wp\/v2\/users\/4"}],"replies":[{"embeddable":true,"href":"https:\/\/transparenciacontabilgyn.com.br\/old\/wp-json\/wp\/v2\/comments?post=3225"}],"version-history":[{"count":2,"href":"https:\/\/transparenciacontabilgyn.com.br\/old\/wp-json\/wp\/v2\/pages\/3225\/revisions"}],"predecessor-version":[{"id":3228,"href":"https:\/\/transparenciacontabilgyn.com.br\/old\/wp-json\/wp\/v2\/pages\/3225\/revisions\/3228"}],"wp:attachment":[{"href":"https:\/\/transparenciacontabilgyn.com.br\/old\/wp-json\/wp\/v2\/media?parent=3225"}],"curies":[{"name":"wp","href":"https:\/\/api.w.org\/{rel}","templated":true}]}}