{"id":3215,"date":"2021-07-19T17:11:00","date_gmt":"2021-07-19T20:11:00","guid":{"rendered":"https:\/\/transparenciacontabilgyn.com.br\/old\/?page_id=3215"},"modified":"2021-07-19T17:37:23","modified_gmt":"2021-07-19T20:37:23","slug":"departamentos","status":"publish","type":"page","link":"https:\/\/transparenciacontabilgyn.com.br\/old\/departamentos\/","title":{"rendered":"Departamentos"},"content":{"rendered":"[vc_row][vc_column width=&#8221;1\/2&#8243;][wgl_spacing spacer_size=&#8221;30px&#8221;][vc_hoverbox image=&#8221;3220&#8243; primary_title=&#8221;DEPARTAMENTO FISCAL&#8221; hover_title=&#8221;DEPARTAMENTO FISCAL&#8221;]\n<p style=\"text-align: center;\">O departamento fiscal \u00e9 respons\u00e1vel pela apura\u00e7\u00e3o de tributos, escritura\u00e7\u00f5es Fiscais, entrega de obriga\u00e7\u00f5es acess\u00f3rias, etc.<\/p>\n<p style=\"text-align: center;\">Esse setor possui uma grande import\u00e2ncia para uma organiza\u00e7\u00e3o, pois, al\u00e9m de garantir o cumprimento de todas as obriga\u00e7\u00f5es legais, evitando problemas com a fiscaliza\u00e7\u00e3o, o departamento \u00e9 respons\u00e1vel pelo planejamento tribut\u00e1rio, analisando os principais benef\u00edcios, isen\u00e7\u00f5es, imunidades para o segmento, reduzindo assim os custos operacionais e impactando diretamente no resultado financeiro<\/p>\n[\/vc_hoverbox][wgl_spacing spacer_size=&#8221;30px&#8221;][vc_hoverbox image=&#8221;3222&#8243; primary_title=&#8221;DEPARTAMENTO CONT\u00c1BIL&#8221; hover_title=&#8221;DEPARTAMENTO CONT\u00c1BIL&#8221;]Esse Setor \u00e9 respons\u00e1vel pela elabora\u00e7\u00e3o das demonstra\u00e7\u00f5es cont\u00e1beis da sua organiza\u00e7\u00e3o.<\/p>\n<p>O objetivo \u00e9 auxiliar tanto na tomada de decis\u00f5es quanto cumprimento das exig\u00eancias legais \u00e9 atrav\u00e9s das demonstra\u00e7\u00f5es cont\u00e1beis que o empres\u00e1rio poder\u00e1 controlar os n\u00fameros da sua organiza\u00e7\u00e3o, possibilitando uma correta an\u00e1lise da sa\u00fade financeira do per\u00edodo possibilitando fazer levantamento dos seus custos, receitas, despesas, lucratividade do seu neg\u00f3cio[\/vc_hoverbox][\/vc_column][vc_column width=&#8221;1\/2&#8243; css=&#8221;.vc_custom_1626725696711{border-radius: 25px !important;}&#8221;][vc_hoverbox image=&#8221;3221&#8243; primary_title=&#8221;DEPARTAMENTO PESSOAL&#8221; hover_title=&#8221;DEPARTAMENTO PESSOAL&#8221;]O Departamento Pessoal \u00e9 a \u00e1rea respons\u00e1vel pela gest\u00e3o dos funcion\u00e1rios da empresa, ele gerencia a folha de pagamento, f\u00e9rias, 13\u00ba sal\u00e1rio, benef\u00edcios, atestados, relacionamento com sindicatos e etc.<\/p>\n<p>O\u00a0departamento pessoal\u00a0\u00e9 tamb\u00e9m encarregado principalmente das quest\u00f5es burocr\u00e1ticas relacionadas aos colaboradores. As rotinas do departamento v\u00e3o desde admiss\u00e3o, demiss\u00e3o, \u00e0 gera\u00e7\u00e3o de guias de recolhimento de impostos relacionados.<\/p>\n<p style=\"text-align: center;\">A Transpar\u00eancia Contabilidade Cuida de todas as quest\u00f5es trabalhistas para voc\u00ea, seja empresa, pessoa f\u00edsica, ou aut\u00f4nomo<\/p>\n[\/vc_hoverbox][wgl_spacing spacer_size=&#8221;30px&#8221;][vc_hoverbox image=&#8221;3219&#8243; primary_title=&#8221;DEPARTAMENTO SOCIET\u00c1RIO&#8221; hover_title=&#8221;DEPARTAMENTO SOCIET\u00c1RIO&#8221; css=&#8221;.vc_custom_1626726578870{background-color: #ffffff !important;}&#8221;]O Departamento Societ\u00e1rio \u00e9 respons\u00e1vel por todos os processos relacionados a abertura, encerramento e altera\u00e7\u00f5es contratuais da organiza\u00e7\u00e3o, bem como a elabora\u00e7\u00e3o de atas, emiss\u00e3o de certid\u00f5es, e cadastros em diversas institui\u00e7\u00f5es, como Receita Federal, Juceg, Cart\u00f3rio, Prefeitura, OAB, Secretaria da Economia, etc.<\/p>\n<p style=\"text-align: center;\">Esse setor e de grande import\u00e2ncia, pois, al\u00e9m de oferecer suporte e orienta\u00e7\u00e3o para todo os processos de legaliza\u00e7\u00e3o da organiza\u00e7\u00e3o, tamb\u00e9m \u00e9 respons\u00e1vel pela rapidez e agilidade na entrega dos mesmos.<\/p>\n[\/vc_hoverbox][\/vc_column][\/vc_row][vc_row][vc_column][wgl_spacing spacer_size=&#8221;30px&#8221;][\/vc_column][\/vc_row][vc_row][vc_column][vc_btn title=&#8221;FALE COM UM ESPECIALISTA AGORA!&#8221; style=&#8221;gradient&#8221; gradient_color_1=&#8221;green&#8221; gradient_color_2=&#8221;vista-blue&#8221; shape=&#8221;round&#8221; size=&#8221;lg&#8221; align=&#8221;center&#8221; i_icon_fontawesome=&#8221;fab fa-whatsapp&#8221; button_block=&#8221;true&#8221; add_icon=&#8221;true&#8221; link=&#8221;url:https%3A%2F%2Fapi.whatsapp.com%2Fsend%3Fphone%3D%2B5562992834146|target:_blank&#8221;][\/vc_column][\/vc_row]\n","protected":false},"excerpt":{"rendered":"<p>[vc_row][vc_column width=&#8221;1\/2&#8243;][wgl_spacing spacer_size=&#8221;30px&#8221;][vc_hoverbox image=&#8221;3220&#8243; primary_title=&#8221;DEPARTAMENTO FISCAL&#8221; hover_title=&#8221;DEPARTAMENTO FISCAL&#8221;] O departamento fiscal \u00e9 respons\u00e1vel pela apura\u00e7\u00e3o de tributos, escritura\u00e7\u00f5es Fiscais, entrega de obriga\u00e7\u00f5es acess\u00f3rias, etc. Esse setor possui uma grande import\u00e2ncia para uma organiza\u00e7\u00e3o, pois, al\u00e9m de garantir o cumprimento de todas as obriga\u00e7\u00f5es legais, evitando problemas com a fiscaliza\u00e7\u00e3o, o departamento \u00e9 respons\u00e1vel pelo planejamento [&hellip;]<\/p>\n","protected":false},"author":4,"featured_media":0,"parent":0,"menu_order":0,"comment_status":"closed","ping_status":"closed","template":"","meta":{"_seopress_robots_primary_cat":"","_seopress_titles_title":"","_seopress_titles_desc":"","_seopress_robots_index":""},"_links":{"self":[{"href":"https:\/\/transparenciacontabilgyn.com.br\/old\/wp-json\/wp\/v2\/pages\/3215"}],"collection":[{"href":"https:\/\/transparenciacontabilgyn.com.br\/old\/wp-json\/wp\/v2\/pages"}],"about":[{"href":"https:\/\/transparenciacontabilgyn.com.br\/old\/wp-json\/wp\/v2\/types\/page"}],"author":[{"embeddable":true,"href":"https:\/\/transparenciacontabilgyn.com.br\/old\/wp-json\/wp\/v2\/users\/4"}],"replies":[{"embeddable":true,"href":"https:\/\/transparenciacontabilgyn.com.br\/old\/wp-json\/wp\/v2\/comments?post=3215"}],"version-history":[{"count":3,"href":"https:\/\/transparenciacontabilgyn.com.br\/old\/wp-json\/wp\/v2\/pages\/3215\/revisions"}],"predecessor-version":[{"id":3223,"href":"https:\/\/transparenciacontabilgyn.com.br\/old\/wp-json\/wp\/v2\/pages\/3215\/revisions\/3223"}],"wp:attachment":[{"href":"https:\/\/transparenciacontabilgyn.com.br\/old\/wp-json\/wp\/v2\/media?parent=3215"}],"curies":[{"name":"wp","href":"https:\/\/api.w.org\/{rel}","templated":true}]}}