{"id":3203,"date":"2021-07-19T16:00:44","date_gmt":"2021-07-19T19:00:44","guid":{"rendered":"https:\/\/transparenciacontabilgyn.com.br\/old\/?page_id=3203"},"modified":"2021-07-19T18:30:05","modified_gmt":"2021-07-19T21:30:05","slug":"abertura-de-empresas","status":"publish","type":"page","link":"https:\/\/transparenciacontabilgyn.com.br\/old\/abertura-de-empresas\/","title":{"rendered":"Abertura de Empresas"},"content":{"rendered":"[vc_row][vc_column css=&#8221;.vc_custom_1626722573461{background-image: url(https:\/\/transparenciacontabilgyn.com.br\/old\/wp-content\/uploads\/2021\/07\/TJRTJF-3.jpg?id=3209) !important;background-position: center !important;background-repeat: no-repeat !important;background-size: cover !important;}&#8221;][wgl_spacing spacer_size=&#8221;50px&#8221;][wgl_custom_text font_size=&#8221;40&#8243; line_height=&#8221;40px&#8221; google_fonts_text=&#8221;font_family:Alegreya%20SC%3Aregular%2Citalic%2C700%2C700italic%2C900%2C900italic|font_style:400%20regular%3A400%3Anormal&#8221; custom_fonts=&#8221;true&#8221;]\n<h1 style=\"text-align: center;\">COMECE\u00a0 A\u00a0 EMPREENDER\u00a0 AGORA<\/h1>\n[\/wgl_custom_text][wgl_spacing spacer_size=&#8221;50px&#8221;][\/vc_column][\/vc_row][vc_row][vc_column][wgl_spacing spacer_size=&#8221;30px&#8221;][\/vc_column][\/vc_row][vc_row][vc_column][wgl_spacing spacer_size=&#8221;30px&#8221;][wgl_double_headings align=&#8221;center&#8221; title_color=&#8221;#252525&#8243; subtitle_color=&#8221;#ff7d00&#8243; title=&#8221;Abertura de Empresas de Forma R\u00e1pida, Simples e Segura!!&#8221;][\/vc_column][\/vc_row][vc_row][vc_column][wgl_spacing spacer_size=&#8221;30px&#8221;][\/vc_column][\/vc_row][vc_row][vc_column][wgl_custom_text font_size=&#8221;16&#8243;]\n<p style=\"text-align: center;\"><strong>Chegou a hora de abrir o seu pr\u00f3prio neg\u00f3cio!! <\/strong>\u00a0Esque\u00e7a a burocracia, a Transpar\u00eancia vai cuidar de todas as etapas de abertura da sua empresa, al\u00e9m de auxiliar em todos os processos estrat\u00e9gicos para o sucesso do seu neg\u00f3cio.<\/p>\n[\/wgl_custom_text][\/vc_column][\/vc_row][vc_row][vc_column][wgl_double_headings align=&#8221;center&#8221; title_color=&#8221;#252525&#8243; subtitle_color=&#8221;#ff7d00&#8243; title=&#8221;QUAL TIPO DE EMPRESA DEVO ABRIR?&#8221;][\/vc_column][\/vc_row][vc_row][vc_column][wgl_spacing spacer_size=&#8221;30px&#8221;][wgl_custom_text font_size=&#8221;16&#8243;]\n<p style=\"text-align: center;\">A natureza jur\u00eddica de uma empresa define quais normas os s\u00f3cios devem seguir. Por exemplo, determina o valor do capital social, se poder\u00e1 ter ou n\u00e3o s\u00f3cio, qual tipo de atividade, quanto poder\u00e1 faturar no ano, etc&#8230; A Transparencia vai te auxiliar a economizar dinheiro e tempo escolhendo corretamente o tipo de empresa que voc\u00ea precisa. Veja alguns tipos, e principais caracter\u00edsticas:<\/p>\n[\/wgl_custom_text][\/vc_column][\/vc_row][vc_row][vc_column width=&#8221;1\/3&#8243;][wgl_info_box ib_type=&#8221;fill&#8221; ib_align=&#8221;center&#8221; icon_type=&#8221;font&#8221; icon_font_type=&#8221;type_fontawesome&#8221; icon_fontawesome=&#8221;fas fa-laptop&#8221; icon_color_type=&#8221;gradient&#8221; ib_title=&#8221;MEI&#8221; ib_content=&#8221;O Microempreendedor Individual \u00e9 o tipo de empresa ideal para quem est\u00e1 come\u00e7ando e pretende faturar at\u00e9 R$ 6750,00 por m\u00eas*&#8221; custom_icon_color=&#8221;true&#8221;][wgl_info_box ib_type=&#8221;fill&#8221; ib_align=&#8221;center&#8221; icon_type=&#8221;font&#8221; icon_font_type=&#8221;type_fontawesome&#8221; icon_fontawesome=&#8221;fas fa-donate&#8221; icon_color_type=&#8221;gradient&#8221; ib_title=&#8221;EIRELI&#8221; custom_icon_color=&#8221;true&#8221; ib_subtitle=&#8221;Empresa Individual de Responsabilidade Limitada n\u00e3o pode ter s\u00f3cio e o capital social ser\u00e1 de 100 sal\u00e1rios m\u00ednimos&#8221;][\/vc_column][vc_column width=&#8221;1\/3&#8243;][wgl_info_box ib_type=&#8221;fill&#8221; ib_align=&#8221;center&#8221; icon_type=&#8221;font&#8221; icon_font_type=&#8221;type_fontawesome&#8221; icon_fontawesome=&#8221;fas fa-user-tie&#8221; icon_color_type=&#8221;gradient&#8221; ib_subtitle=&#8221;O Empres\u00e1rio Individual n\u00e3o pode separa os bens da pessoa f\u00edsica e jur\u00eddica e n\u00e3o tem valor m\u00ednimo de capital social&#8221; custom_icon_color=&#8221;true&#8221; ib_title=&#8221;EI&#8221;][wgl_info_box ib_type=&#8221;fill&#8221; ib_align=&#8221;center&#8221; icon_type=&#8221;font&#8221; icon_font_type=&#8221;type_fontawesome&#8221; icon_fontawesome=&#8221;fas fa-building&#8221; icon_color_type=&#8221;gradient&#8221; ib_subtitle=&#8221;bla bla&#8221; custom_icon_color=&#8221;true&#8221; ib_title=&#8221;CONDOM\u00cdNIO&#8221;][\/vc_column][vc_column width=&#8221;1\/3&#8243;][wgl_info_box ib_type=&#8221;fill&#8221; ib_align=&#8221;center&#8221; icon_type=&#8221;font&#8221; icon_font_type=&#8221;type_fontawesome&#8221; icon_fontawesome=&#8221;fas fa-hands-helping&#8221; icon_color_type=&#8221;gradient&#8221; ib_title=&#8221;LTDA&#8221; ib_subtitle=&#8221;Se a empresa tiver S\u00f3cio poder\u00e1 ser uma Sociedade empresarial de responsabilidade limitada&#8221; custom_icon_color=&#8221;true&#8221;][wgl_info_box ib_type=&#8221;fill&#8221; ib_align=&#8221;center&#8221; icon_type=&#8221;font&#8221; icon_font_type=&#8221;type_fontawesome&#8221; icon_fontawesome=&#8221;fas fa-lightbulb&#8221; icon_color_type=&#8221;gradient&#8221; ib_title=&#8221;SLU&#8221; ib_subtitle=&#8221;Na Sociedade Limitada Unipessoal a pessoa f\u00edsica pode separar os bens da pessoa f\u00edsica e jur\u00eddica n\u00e3o tem valor m\u00ednimo de capital social&#8221; custom_icon_color=&#8221;true&#8221;][\/vc_column][\/vc_row][vc_row][vc_column][wgl_spacing spacer_size=&#8221;30px&#8221;][vc_btn title=&#8221;QUERO EMPREENDER !&#8221; style=&#8221;gradient&#8221; gradient_color_1=&#8221;green&#8221; gradient_color_2=&#8221;vista-blue&#8221; size=&#8221;lg&#8221; align=&#8221;center&#8221; i_icon_fontawesome=&#8221;fab fa-whatsapp&#8221; add_icon=&#8221;true&#8221; link=&#8221;url:https%3A%2F%2Fapi.whatsapp.com%2Fsend%3Fphone%3D%2B5562992834146|target:_blank&#8221;][\/vc_column][\/vc_row][vc_row][vc_column][wgl_double_headings align=&#8221;center&#8221; title_color=&#8221;#252525&#8243; subtitle_color=&#8221;#ff7d00&#8243; title=&#8221;Quanto tempo demora e quanto Custa para abrir uma empresa?&#8221; subtitle=&#8221;Abra sua empresa em tempo recorde com a Transpar\u00eancia Contabilidade&#8221;][wgl_spacing spacer_size=&#8221;30px&#8221;][wgl_custom_text font_size=&#8221;16&#8243;]\n<p style=\"text-align: center;\">A abertura da Empesa \u00e9 um Processo de depende da aprova\u00e7\u00e3o de v\u00e1rios \u00d3rg\u00e3os, como por exemplo, Junta Comercial, Receita federal, Prefeitura, OAB, etc. Para abrir o seu CNPJ no menor prazo poss\u00edvel a Transparencia vai cuidar de toda parte Burocr\u00e1tica para voc\u00ea n\u00e3o perder tempo. Fa\u00e7a uma simula\u00e7\u00e3o das taxas a serem pagas e tempo necess\u00e1rio para abertura de sua empresa<\/p>\n[\/wgl_custom_text][vc_video link=&#8221;https:\/\/www.youtube.com\/watch?v=2X70eXVscD8&#038;ab_channel=Transpar%C3%AAnciaContabilidade&#8221; el_width=&#8221;50&#8243; el_aspect=&#8221;235&#8243; align=&#8221;center&#8221;][wgl_spacing spacer_size=&#8221;30px&#8221;][wgl_double_headings align=&#8221;center&#8221; title_color=&#8221;#252525&#8243; subtitle_color=&#8221;#ff7d00&#8243; title=&#8221;Motivos para Contratar a Transpar\u00eancia Contabilidade&#8221;][wgl_spacing spacer_size=&#8221;30px&#8221;][\/vc_column][\/vc_row][vc_row][vc_column width=&#8221;1\/2&#8243;][wgl_flip_box css_animation=&#8221;fadeIn&#8221; front_bg_style=&#8221;front_image&#8221; add_back_logo_image=&#8221;false&#8221; front_bg_image=&#8221;2750&#8243; front_title=&#8221;FACILIDADE&#8221; back_descr=&#8221;O objetivo da Transparencia Contabilidade \u00e9 facilitar sua vida. Voc\u00ea tem acesso direto com o contador, e pode usar o canal de comunica\u00e7\u00e3o que melhor lhe atender: Telefone, WhatsApp, E-mail, Chat. Voc\u00ea pode tamb\u00e9m ter acesso a uma plataforma digital f\u00e1cil de usar para acessar todas as informa\u00e7\u00f5es da sua empresa em poucos cliques!!&#8221;][wgl_spacing spacer_size=&#8221;10px&#8221;][wgl_flip_box css_animation=&#8221;fadeIn&#8221; front_bg_style=&#8221;front_image&#8221; add_back_logo_image=&#8221;false&#8221; front_bg_image=&#8221;2755&#8243; front_title=&#8221;ATENDIMENTO EFICAZ&#8221; back_descr=&#8221;Se seu contador n\u00e3o tem tempo dispon\u00edvel para atender suas demandas e responder suas d\u00favidas, seu empreendimento pode ser prejudicado de diversas formas. A Transpar\u00eancia tem uma equipe especializada e sempre pronta para atender suas solicita\u00e7\u00f5es, esclarecer d\u00favidas e acrescentar o que for necess\u00e1rio para o sucesso do seu neg\u00f3cio&#8221;][wgl_spacing spacer_size=&#8221;10px&#8221;][wgl_flip_box css_animation=&#8221;fadeIn&#8221; front_bg_style=&#8221;front_image&#8221; add_back_logo_image=&#8221;false&#8221; front_bg_image=&#8221;2999&#8243; front_title=&#8221;SIMPLICIDADE NOS PROCESSOS&#8221; back_descr=&#8221;Falamos a sua l\u00edngua e entendemos os seus processos. Nosso foco est\u00e1 no Cliente, sendo assim deixamos de lado os termos t\u00e9cnicos e complicados e simplificamos todas as etapas, tonando os processos cont\u00e1beis mais simples e de f\u00e1cil compreens\u00e3o para o empreendedor&#8221;][\/vc_column][vc_column width=&#8221;1\/2&#8243;][wgl_flip_box css_animation=&#8221;fadeIn&#8221; front_bg_style=&#8221;front_image&#8221; add_back_logo_image=&#8221;false&#8221; front_bg_image=&#8221;3165&#8243; front_title=&#8221;TRANSPAR\u00caNCIA&#8221; back_descr=&#8221;Preocupamos em tonar a sua experiencia cont\u00e1bil tranquila, pr\u00e1tica e de f\u00e1cil entendimento.  Agimos dentro da \u00e9tica e no cumprimento das normas legais, adotando mecanismos de controle para construir uma rela\u00e7\u00e3o transparente e de confian\u00e7a&#8221;][wgl_spacing spacer_size=&#8221;10px&#8221;][wgl_flip_box css_animation=&#8221;fadeIn&#8221; front_bg_style=&#8221;front_image&#8221; add_back_logo_image=&#8221;false&#8221; front_bg_image=&#8221;2998&#8243; front_title=&#8221;TECNOLOGIA E AGILIDADE&#8221; back_descr=&#8221;Contamos com o que h\u00e1 de mais avan\u00e7ado na tecnologia para tornar o gerenciamento do seu neg\u00f3cio mais f\u00e1cil, \u00e1gil e preciso. Essa tecnologia garante organiza\u00e7\u00e3o e o sigilo dos seus dados confidenciais. Voc\u00ea poder\u00e1 gerenciar os lan\u00e7amentos da sua empresa a qualquer minuto&#8221;][wgl_spacing spacer_size=&#8221;10px&#8221;][wgl_flip_box css_animation=&#8221;fadeIn&#8221; front_bg_style=&#8221;front_image&#8221; add_back_logo_image=&#8221;false&#8221; front_bg_image=&#8221;1842&#8243; front_title=&#8221;ECONOMIA&#8221; back_descr=&#8221;Utilize o nosso sistema emissor de notas fiscais e sistema de gerenciamento financeiro integrado com nosso sistema cont\u00e1bil. Fechando um \u00fanico pacote, voc\u00ea ter\u00e1 uma economia real em seus custos e receber\u00e1 desconto em seus honor\u00e1rios&#8221;][\/vc_column][\/vc_row][vc_row][vc_column][wgl_spacing spacer_size=&#8221;30px&#8221;][wgl_spacing spacer_size=&#8221;30px&#8221;][\/vc_column][\/vc_row][vc_row][vc_column][vc_btn title=&#8221;SIMULE AGORA MESMO UM OR\u00c7AMENTO!&#8221; style=&#8221;gradient-custom&#8221; gradient_custom_color_1=&#8221;#3fe01a&#8221; gradient_custom_color_2=&#8221;#039101&#8243; shape=&#8221;round&#8221; size=&#8221;lg&#8221; align=&#8221;center&#8221; i_icon_fontawesome=&#8221;fab fa-whatsapp&#8221; button_block=&#8221;true&#8221; add_icon=&#8221;true&#8221; link=&#8221;url:https%3A%2F%2Fapi.whatsapp.com%2Fsend%3Fphone%3D%2B5562992834146|target:_blank&#8221;][\/vc_column][\/vc_row]\n","protected":false},"excerpt":{"rendered":"<p>[vc_row][vc_column css=&#8221;.vc_custom_1626722573461{background-image: url(https:\/\/transparenciacontabilgyn.com.br\/old\/wp-content\/uploads\/2021\/07\/TJRTJF-3.jpg?id=3209) !important;background-position: center !important;background-repeat: no-repeat !important;background-size: cover !important;}&#8221;][wgl_spacing spacer_size=&#8221;50px&#8221;][wgl_custom_text font_size=&#8221;40&#8243; line_height=&#8221;40px&#8221; google_fonts_text=&#8221;font_family:Alegreya%20SC%3Aregular%2Citalic%2C700%2C700italic%2C900%2C900italic|font_style:400%20regular%3A400%3Anormal&#8221; custom_fonts=&#8221;true&#8221;] COMECE\u00a0 A\u00a0 EMPREENDER\u00a0 AGORA [\/wgl_custom_text][wgl_spacing spacer_size=&#8221;50px&#8221;][\/vc_column][\/vc_row][vc_row][vc_column][wgl_spacing spacer_size=&#8221;30px&#8221;][\/vc_column][\/vc_row][vc_row][vc_column][wgl_spacing spacer_size=&#8221;30px&#8221;][wgl_double_headings align=&#8221;center&#8221; title_color=&#8221;#252525&#8243; subtitle_color=&#8221;#ff7d00&#8243; title=&#8221;Abertura de Empresas de Forma R\u00e1pida, Simples e Segura!!&#8221;][\/vc_column][\/vc_row][vc_row][vc_column][wgl_spacing spacer_size=&#8221;30px&#8221;][\/vc_column][\/vc_row][vc_row][vc_column][wgl_custom_text font_size=&#8221;16&#8243;] Chegou a hora de abrir o seu pr\u00f3prio neg\u00f3cio!! \u00a0Esque\u00e7a a burocracia, a Transpar\u00eancia vai cuidar de todas [&hellip;]<\/p>\n","protected":false},"author":4,"featured_media":0,"parent":0,"menu_order":0,"comment_status":"closed","ping_status":"closed","template":"","meta":{"_seopress_robots_primary_cat":"","_seopress_titles_title":"","_seopress_titles_desc":"","_seopress_robots_index":""},"_links":{"self":[{"href":"https:\/\/transparenciacontabilgyn.com.br\/old\/wp-json\/wp\/v2\/pages\/3203"}],"collection":[{"href":"https:\/\/transparenciacontabilgyn.com.br\/old\/wp-json\/wp\/v2\/pages"}],"about":[{"href":"https:\/\/transparenciacontabilgyn.com.br\/old\/wp-json\/wp\/v2\/types\/page"}],"author":[{"embeddable":true,"href":"https:\/\/transparenciacontabilgyn.com.br\/old\/wp-json\/wp\/v2\/users\/4"}],"replies":[{"embeddable":true,"href":"https:\/\/transparenciacontabilgyn.com.br\/old\/wp-json\/wp\/v2\/comments?post=3203"}],"version-history":[{"count":6,"href":"https:\/\/transparenciacontabilgyn.com.br\/old\/wp-json\/wp\/v2\/pages\/3203\/revisions"}],"predecessor-version":[{"id":3259,"href":"https:\/\/transparenciacontabilgyn.com.br\/old\/wp-json\/wp\/v2\/pages\/3203\/revisions\/3259"}],"wp:attachment":[{"href":"https:\/\/transparenciacontabilgyn.com.br\/old\/wp-json\/wp\/v2\/media?parent=3203"}],"curies":[{"name":"wp","href":"https:\/\/api.w.org\/{rel}","templated":true}]}}