{"id":3094,"date":"2021-07-17T07:44:46","date_gmt":"2021-07-17T10:44:46","guid":{"rendered":"https:\/\/transparenciacontabilgyn.com.br\/old\/?page_id=3094"},"modified":"2021-07-19T13:17:39","modified_gmt":"2021-07-19T16:17:39","slug":"prestador-de-servico","status":"publish","type":"page","link":"https:\/\/transparenciacontabilgyn.com.br\/old\/prestador-de-servico\/","title":{"rendered":"Prestador de Servi\u00e7o"},"content":{"rendered":"[vc_row][vc_column css=&#8221;.vc_custom_1626710021781{background-image: url(https:\/\/transparenciacontabilgyn.com.br\/old\/wp-content\/uploads\/2021\/07\/xfbxf.jpg?id=3143) !important;background-position: center !important;background-repeat: no-repeat !important;background-size: cover !important;}&#8221;][wgl_double_headings title_color=&#8221;#ffffff&#8221; subtitle_color=&#8221;#ff7d00&#8243; title=&#8221;Prestador de Servi\u00e7o&#8221; custom_title_color=&#8221;true&#8221; custom_subtitle_color=&#8221;true&#8221;][wgl_spacing spacer_size=&#8221;40px&#8221;][\/vc_column][\/vc_row][vc_row][vc_column][wgl_spacing spacer_size=&#8221;40px&#8221;][wgl_double_headings align=&#8221;center&#8221; title_color=&#8221;#252525&#8243; subtitle_color=&#8221;#ff7d00&#8243; title=&#8221;Tenha uma contabilidade com a qualidade que VOC\u00ca PRECISA!&#8221; subtitle=&#8221;A equipe da Transpar\u00eancia conhece os principais pontos envolvidos na gest\u00e3o tribut\u00e1ria e cont\u00e1bil para Prestadores de Servi\u00e7os&#8221;][wgl_spacing spacer_size=&#8221;30px&#8221;][wgl_custom_text font_size=&#8221;16&#8243;]Temos uma equipe de especialistas da pode te orientar sobre diversos pontos importantes sobre a rotina de contabilidade dos <strong>Prestadores de Servi\u00e7os.<\/strong> Garantimos a defini\u00e7\u00e3o do regime de tributa\u00e7\u00e3o mais adequado para sua empresa visando \u00e0 menor incid\u00eancia de tributos.<\/p>\n<p>Auxiliamos em todas as etapas da legaliza\u00e7\u00e3o e manuten\u00e7\u00e3o do seu neg\u00f3cio, desde o processo de abertura, elabora\u00e7\u00e3o de plano de neg\u00f3cio, sele\u00e7\u00e3o da natureza jur\u00eddica, \u00e0 elabora\u00e7\u00e3o de plano estrat\u00e9gico da sua empresa. Confira alguns dos nossos servi\u00e7os:<\/p>\n<p>&nbsp;<\/p>\n<ul>\n<li><strong>Abertura de empresa;<\/strong><\/li>\n<li><strong>Altera\u00e7\u00e3o cadastral e contratual;<\/strong><\/li>\n<li><strong>Regulariza\u00e7\u00e3o junto a prefeitura, Receita federal;<\/strong><\/li>\n<li><strong>Notas fiscais e sistema de gest\u00e3o;<\/strong><\/li>\n<li><strong>Remunera\u00e7\u00e3o e folha de pagamento;<\/strong><\/li>\n<li><strong>Assessoria trabalhista <\/strong><strong>(CLT);<\/strong><\/li>\n<li><strong>Distribui\u00e7\u00e3o de lucro a s\u00f3cios.<\/strong><\/li>\n<\/ul>\n[\/wgl_custom_text][\/vc_column][\/vc_row][vc_row][vc_column width=&#8221;1\/4&#8243;][wgl_info_box ib_align=&#8221;center&#8221; icon_type=&#8221;font&#8221; icon_font_type=&#8221;type_fontawesome&#8221; icon_fontawesome=&#8221;fas fa-scroll&#8221; ib_title=&#8221;REGULARIZA\u00c7\u00c3O&#8221; ib_content=&#8221;Auxiliamos em todo processo de abertura ou altera\u00e7\u00f5es da sua empresa. Desde a elabora\u00e7\u00e3o de contratos para OAB \u00e0 sele\u00e7\u00e3o da natureza jur\u00eddica do seu escrit\u00f3rio&#8221;][\/vc_column][vc_column width=&#8221;1\/4&#8243;][wgl_info_box ib_align=&#8221;center&#8221; icon_type=&#8221;font&#8221; icon_font_type=&#8221;type_fontawesome&#8221; icon_fontawesome=&#8221;fas fa-brain&#8221; ib_title=&#8221;PLANEJAMENTO&#8221; ib_content=&#8221;Entre no mercado para competir com vantagem. Tenha uma equipe especializada para te auxiliar desde o Plano De Neg\u00f3cio ao Planejamento Estrat\u00e9gico da sua empresa.&#8221;][\/vc_column][vc_column width=&#8221;1\/4&#8243;][wgl_info_box ib_align=&#8221;center&#8221; icon_type=&#8221;font&#8221; icon_font_type=&#8221;type_fontawesome&#8221; icon_fontawesome=&#8221;fas fa-hand-holding-usd&#8221; ib_title=&#8221;MENOR IMPOSTO&#8221; ib_content=&#8221;Pagar impostos sem planejamento pode afetar diretamente o lucro do seu neg\u00f3cio. Oferecemos solu\u00e7\u00f5es fiscais para usar todos os benef\u00edcios legais ao seu favor&#8221;][\/vc_column][vc_column width=&#8221;1\/4&#8243;][wgl_info_box ib_align=&#8221;center&#8221; icon_type=&#8221;font&#8221; icon_font_type=&#8221;type_fontawesome&#8221; icon_fontawesome=&#8221;fas fa-money-bill-wave&#8221; ib_title=&#8221;GEST\u00c3O FINANCEIRA&#8221; ib_content=&#8221;Potencialize os seus resultados com o sistema online de gest\u00e3o financeira Transparencia. Controle, acompanhe e planeje as finan\u00e7as da sua empresa com praticidade e seguran\u00e7a.&#8221;][\/vc_column][\/vc_row][vc_row][vc_column][\/vc_column][\/vc_row][vc_row][vc_column][wgl_double_headings align=&#8221;center&#8221; title_color=&#8221;#252525&#8243; subtitle_color=&#8221;#ff7d00&#8243; title=&#8221;Servi\u00e7os em Contabilidade para Prestadores de Servi\u00e7os&#8221;][\/vc_column][\/vc_row][vc_row][vc_column][wgl_time_line_vertical values=&#8221;%5B%7B%22title%22%3A%22GUIA%20DE%20IMPOSTOS%22%2C%22descr%22%3A%22Receba%20as%20suas%20guias%20de%20pagamento%20de%20impostos%20com%20anteced%C3%AAncia%20para%20fazer%20sua%20programa%C3%A7%C3%A3o%20de%20pagamentos.%20Disponibilizamos%20tanto%20por%20e-mail%20quanto%20em%20nossa%20plataforma%20online%20de%20contabilidade%22%2C%22color%22%3A%22%23ff7d00%22%7D%2C%7B%22title%22%3A%22FOLHA%20DE%20PAGAMENTO%22%2C%22descr%22%3A%22Cuidamos%20de%20todas%20as%20obriga%C3%A7%C3%B5es%20trabalhistas%20para%20voc%C3%AA%2C%20desde%20admiss%C3%A3o%2C%20demiss%C3%A3o%2C%20gera%C3%A7%C3%A3o%20de%20guias%20de%20recolhimento%20de%20impostos%20%C3%A0%20gerenciando%20a%20folha%20de%20pagamento%2C%20como%20sal%C3%A1rios%2C%20benef%C3%ADcios%2C%20atestados%2C%20relacionamento%20com%20sindicatos%2C%20pr%C3%B3-labore%20e%20etc.%22%2C%22color%22%3A%22%23ff7d00%22%7D%2C%7B%22title%22%3A%22LEGALIZA%C3%87%C3%83O%20E%20ALTERA%C3%87%C3%83O%22%2C%22descr%22%3A%22Assessoria%20na%20hora%20de%20abrir%20sua%20empresa%2C%20seja%20unipessoal%20ou%20limitada%2C%20levando%20em%20considera%C3%A7%C3%A3o%20os%20aspectos%20legais%20e%20os%20principais%20pontos%20envolvidos%20na%20gest%C3%A3o%20tribut%C3%A1ria%20do%20seu%20neg%C3%B3cio.%22%2C%22color%22%3A%22%23ff7d00%22%7D%2C%7B%22title%22%3A%22ASSESSORIA%20TRIBUT%C3%81RIA%22%2C%22descr%22%3A%22O%20departamento%20de%20consultoria%20tribut%C3%A1ria%20oferece%20assessoria%20para%20redu%C3%A7%C3%A3o%20da%20carga%20tribut%C3%A1ria%20de%20forma%20legal%2C%20analisando%20cada%20caso%2C%20o%20contexto%20e%20a%20estrat%C3%A9gia%20de%20neg%C3%B3cios%20da%20empresa.%22%2C%22color%22%3A%22%23ff7d00%22%7D%2C%7B%22title%22%3A%22DOCUMENTOS%20FISCAIS%20E%20CONT%C3%81BEIS%22%2C%22descr%22%3A%22Elaboramos%20todas%20as%20suas%20demonstra%C3%A7%C3%B5es%20cont%C3%A1beis%20e%20disponibilizamos%20tamb%C3%A9m%20em%20nossa%20plataforma%20online.%20Assim%2C%20voc%C3%AA%20poder%C3%A1%20acessar%20todos%20os%20seus%20documentos%20sempre%20que%20precisar.%22%2C%22color%22%3A%22%23ff7d00%22%7D%2C%7B%22title%22%3A%22SISTEMA%20ONLINE%22%2C%22descr%22%3A%22Todos%20os%20seus%20documentos%20dispon%C3%ADveis%2024%20horas%20por%20dia%20em%20sua%20%C3%A1rea%20do%20cliente.%20Contratos%2C%20guias%20de%20impostos%2C%20contra%20cheques%2C%20e%20tudo%20que%20voc%C3%AA%20precisa%20ao%20alcance%20de%20um%20click%20em%20nossa%20plataforma%20de%20armazenamento%20online.%20%22%2C%22color%22%3A%22%23ff7d00%22%7D%5D&#8221;][\/vc_column][\/vc_row][vc_row][vc_column][wgl_double_headings align=&#8221;center&#8221; title_color=&#8221;#252525&#8243; subtitle_color=&#8221;#ff7d00&#8243; title=&#8221;A Transpar\u00eancia Contabilidade conta com um time de contadores especialistas no seu segmento sempre dispon\u00edvel para falar com VOC\u00ca!&#8221;][\/vc_column][\/vc_row][vc_row][vc_column][wgl_spacing spacer_size=&#8221;30px&#8221;][wgl_button button_text=&#8221;FALAR COM ESPECIALISTA&#8221; align=&#8221;center&#8221; icon_type=&#8221;font&#8221; icon_font_type=&#8221;type_fontawesome&#8221; icon_fontawesome=&#8221;fab fa-whatsapp&#8221; customize=&#8221;gradient&#8221; text_color=&#8221;#ffffff&#8221; text_color_hover=&#8221;#ffffff&#8221; bg_gradient_start=&#8221;#3bcc42&#8243; bg_gradient_end=&#8221;#06ba00&#8243; bg_gradient_start_hover=&#8221;#39ef2f&#8221; bg_gradient_end_hover=&#8221;#13c100&#8243; border_gradient_start=&#8221;#13ea00&#8243; border_gradient_end=&#8221;#36b500&#8243; border_gradient_start_hover=&#8221;#ff4200&#8243; border_gradient_end_hover=&#8221;#ffc600&#8243; link=&#8221;url:https%3A%2F%2Fapi.whatsapp.com%2Fsend%3Fphone%3D%2B5562992834146|target:_blank&#8221;][\/vc_column][\/vc_row]\n","protected":false},"excerpt":{"rendered":"<p>[vc_row][vc_column css=&#8221;.vc_custom_1626710021781{background-image: url(https:\/\/transparenciacontabilgyn.com.br\/old\/wp-content\/uploads\/2021\/07\/xfbxf.jpg?id=3143) !important;background-position: center !important;background-repeat: no-repeat !important;background-size: cover !important;}&#8221;][wgl_double_headings title_color=&#8221;#ffffff&#8221; subtitle_color=&#8221;#ff7d00&#8243; title=&#8221;Prestador de Servi\u00e7o&#8221; custom_title_color=&#8221;true&#8221; custom_subtitle_color=&#8221;true&#8221;][wgl_spacing spacer_size=&#8221;40px&#8221;][\/vc_column][\/vc_row][vc_row][vc_column][wgl_spacing spacer_size=&#8221;40px&#8221;][wgl_double_headings align=&#8221;center&#8221; title_color=&#8221;#252525&#8243; subtitle_color=&#8221;#ff7d00&#8243; title=&#8221;Tenha uma contabilidade com a qualidade que VOC\u00ca PRECISA!&#8221; subtitle=&#8221;A equipe da Transpar\u00eancia conhece os principais pontos envolvidos na gest\u00e3o tribut\u00e1ria e cont\u00e1bil para Prestadores de Servi\u00e7os&#8221;][wgl_spacing spacer_size=&#8221;30px&#8221;][wgl_custom_text font_size=&#8221;16&#8243;]Temos uma equipe de especialistas [&hellip;]<\/p>\n","protected":false},"author":4,"featured_media":0,"parent":0,"menu_order":0,"comment_status":"closed","ping_status":"closed","template":"","meta":{"_seopress_robots_primary_cat":"","_seopress_titles_title":"","_seopress_titles_desc":"","_seopress_robots_index":""},"_links":{"self":[{"href":"https:\/\/transparenciacontabilgyn.com.br\/old\/wp-json\/wp\/v2\/pages\/3094"}],"collection":[{"href":"https:\/\/transparenciacontabilgyn.com.br\/old\/wp-json\/wp\/v2\/pages"}],"about":[{"href":"https:\/\/transparenciacontabilgyn.com.br\/old\/wp-json\/wp\/v2\/types\/page"}],"author":[{"embeddable":true,"href":"https:\/\/transparenciacontabilgyn.com.br\/old\/wp-json\/wp\/v2\/users\/4"}],"replies":[{"embeddable":true,"href":"https:\/\/transparenciacontabilgyn.com.br\/old\/wp-json\/wp\/v2\/comments?post=3094"}],"version-history":[{"count":3,"href":"https:\/\/transparenciacontabilgyn.com.br\/old\/wp-json\/wp\/v2\/pages\/3094\/revisions"}],"predecessor-version":[{"id":3151,"href":"https:\/\/transparenciacontabilgyn.com.br\/old\/wp-json\/wp\/v2\/pages\/3094\/revisions\/3151"}],"wp:attachment":[{"href":"https:\/\/transparenciacontabilgyn.com.br\/old\/wp-json\/wp\/v2\/media?parent=3094"}],"curies":[{"name":"wp","href":"https:\/\/api.w.org\/{rel}","templated":true}]}}