{"id":3090,"date":"2021-07-17T07:52:04","date_gmt":"2021-07-17T10:52:04","guid":{"rendered":"https:\/\/transparenciacontabilgyn.com.br\/old\/?page_id=3090"},"modified":"2021-07-17T08:04:33","modified_gmt":"2021-07-17T11:04:33","slug":"condominio","status":"publish","type":"page","link":"https:\/\/transparenciacontabilgyn.com.br\/old\/condominio\/","title":{"rendered":"Condom\u00ednio"},"content":{"rendered":"[vc_row][vc_column css=&#8221;.vc_custom_1626519165531{background-image: url(https:\/\/transparenciacontabilgyn.com.br\/old\/wp-content\/uploads\/2021\/07\/fhsh.jpg?id=3102) !important;background-position: center !important;background-repeat: no-repeat !important;background-size: cover !important;}&#8221;][wgl_double_headings title_color=&#8221;#ffffff&#8221; subtitle_color=&#8221;#ff7d00&#8243; title=&#8221;CONDOM\u00cdNIO &#8221; custom_title_color=&#8221;true&#8221; custom_subtitle_color=&#8221;true&#8221;][wgl_spacing spacer_size=&#8221;40px&#8221;][\/vc_column][\/vc_row][vc_row][vc_column][wgl_spacing spacer_size=&#8221;40px&#8221;][wgl_double_headings align=&#8221;center&#8221; title_color=&#8221;#252525&#8243; subtitle_color=&#8221;#ff7d00&#8243; title=&#8221;S\u00edndico, tenha mais autonomia e seguran\u00e7a na gest\u00e3o do seu Condom\u00ednio!&#8221; subtitle=&#8221;A Transpar\u00eancia tem um time de profissionais capacitados para realizar a gest\u00e3o cont\u00e1bil do seu Condom\u00ednio com a qualidade que voc\u00ea precisa!!&#8221;][wgl_spacing spacer_size=&#8221;30px&#8221;][wgl_custom_text font_size=&#8221;16&#8243;]\n<p style=\"text-align: center;\">A Transpar\u00eancia Contabilidade tem uma equipe especializada em atendimento a condom\u00ednios, com profissionais com mais de 16 anos de mercado, oferece servi\u00e7os de Assessoria Cont\u00e1bil, Jur\u00eddica e Administrativa. Contamos com uma equipe qualificada, eficiente e transparente para proporcionar solu\u00e7\u00f5es cont\u00e1beis eficazes e administrar toda parte burocr\u00e1tica e documenta\u00e7\u00e3o e do seu condom\u00ednio.<\/p>\n<p style=\"text-align: center;\">Para garantir a boa Gest\u00e3o do Condom\u00ednio a Transpar\u00eancia trabalha em parceria com o departamento Jur\u00eddico especializado em cobran\u00e7as extrajudiciais e judiciais de taxa condominiais em atraso, sem nenhum \u00f4nus para o condom\u00ednio.<\/p>\n<p>Com a nossa plataforma o s\u00edndico pode acessar de maneira f\u00e1cil e r\u00e1pida todas as Informa\u00e7\u00f5es financeiras do condom\u00ednio a qualquer hora que precisar, permitindo tamb\u00e9m que os moradores do condom\u00ednio tenham acesso a 2\u00ba via de boletos, previs\u00f5es or\u00e7ament\u00e1rias, balancetes e demonstrativas[\/wgl_custom_text][\/vc_column][\/vc_row][vc_row][vc_column][\/vc_column][\/vc_row][vc_row][vc_column][wgl_double_headings align=&#8221;center&#8221; title_color=&#8221;#252525&#8243; subtitle_color=&#8221;#ff7d00&#8243; title=&#8221;Servi\u00e7os em Contabilidade para Condom\u00ednios &#8220;][\/vc_column][\/vc_row][vc_row][vc_column][wgl_time_line_vertical values=&#8221;%5B%7B%22title%22%3A%22FINANCEIRO%20E%20CONT%C3%81BIL%22%2C%22descr%22%3A%22A%20Transpar%C3%AAncia%20Contabilidade%20administra%20toda%20parte%20burocr%C3%A1tica%20e%20documenta%C3%A7%C3%A3o%20do%20seu%20condom%C3%ADnio%2C%20calcula%20os%20rateios%20e%20envia%20os%20boletos%20aos%20cond%C3%B4minos%22%2C%22color%22%3A%22%23ff7d00%22%7D%2C%7B%22title%22%3A%22ASSESSORIA%20JUR%C3%8DDICA%22%2C%22descr%22%3A%22A%20Transpar%C3%AAncia%20trabalha%20em%20parceria%20com%20o%20departamento%20Jur%C3%ADdico.%20N%C3%A3o%20se%20preocupe%20com%20a%20inadimpl%C3%AAncia%20dos%20cond%C3%B4minos%2C%20cuidamos%20disso%20para%20voc%C3%AA%22%2C%22color%22%3A%22%23ff7d00%22%7D%2C%7B%22title%22%3A%22FISCAL%20E%20TRIBUT%C3%81RIO%22%2C%22descr%22%3A%22Estamos%20sempre%20atentos%20as%20mudan%C3%A7as%20na%20legisla%C3%A7%C3%A3o%2C%20trabalhamos%20com%20muita%20aten%C3%A7%C3%A3o%20e%20cuidado%20com%20a%20apura%C3%A7%C3%A3o%20dos%20impostos%20e%20prazos%20das%20declara%C3%A7%C3%B5es%20fiscais%20e%20tribut%C3%A1rias.%20Cuidamos%20de%20todos%20os%20detalhes%20para%20garantir%20boa%20gest%C3%A3o%20do%20Condom%C3%ADnio%22%2C%22color%22%3A%22%23ff7d00%22%7D%2C%7B%22title%22%3A%22PESSOAL%20E%20TRABALHISTA%22%2C%22descr%22%3A%22Encarregamos%20de%20fazer%20toda%20a%20rotina%20Trabalhista%2C%20processamento%20de%20folha%20de%20pagamento%2C%20encargos%20e%20benef%C3%ADcios%20em%20conformidade%20com%20as%20legisla%C3%A7%C3%B5es%22%2C%22color%22%3A%22%23ff7d00%22%7D%2C%7B%22title%22%3A%22GEST%C3%83O%20E%20CONTROLADORIA%22%2C%22descr%22%3A%22Conte%20com%20uma%20equipe%20especializada%20para%20auxili%C3%A1-lo%20nas%20an%C3%A1lises%20das%20informa%C3%A7%C3%B5es%20cont%C3%A1beis%2C%20e%20presta%C3%A7%C3%B5es%20de%20contas.%20Nosso%20sistema%20online%20disponibiliza%20para%20os%20cond%C3%B4minos%20todas%20as%20previs%C3%B5es%20or%C3%A7ament%C3%A1rias%2C%20balancetes%20e%20demonstrativos%2C%20para%20todos%20poderem%20acompanhar%20a%20vida%20financeira%20do%20Condom%C3%ADnio.%22%2C%22color%22%3A%22%23ff7d00%22%7D%5D&#8221;][\/vc_column][\/vc_row][vc_row][vc_column][wgl_double_headings align=&#8221;center&#8221; title_color=&#8221;#252525&#8243; subtitle_color=&#8221;#ff7d00&#8243; title=&#8221;A Transpar\u00eancia Contabilidade conta com um time de contadores especialistas no seu segmento sempre dispon\u00edvel para falar com VOC\u00ca!&#8221;][\/vc_column][\/vc_row][vc_row][vc_column][wgl_spacing spacer_size=&#8221;30px&#8221;][wgl_button button_text=&#8221;FALAR COM ESPECIALISTA&#8221; align=&#8221;center&#8221; icon_type=&#8221;font&#8221; icon_font_type=&#8221;type_fontawesome&#8221; icon_fontawesome=&#8221;fab fa-whatsapp&#8221; customize=&#8221;gradient&#8221; text_color=&#8221;#ffffff&#8221; text_color_hover=&#8221;#ffffff&#8221; bg_gradient_start=&#8221;#3bcc42&#8243; bg_gradient_end=&#8221;#06ba00&#8243; bg_gradient_start_hover=&#8221;#39ef2f&#8221; bg_gradient_end_hover=&#8221;#13c100&#8243; border_gradient_start=&#8221;#13ea00&#8243; border_gradient_end=&#8221;#36b500&#8243; border_gradient_start_hover=&#8221;#ff4200&#8243; border_gradient_end_hover=&#8221;#ffc600&#8243; link=&#8221;url:https%3A%2F%2Fapi.whatsapp.com%2Fsend%3Fphone%3D%2B5562992834146|target:_blank&#8221;][\/vc_column][\/vc_row]\n","protected":false},"excerpt":{"rendered":"<p>[vc_row][vc_column css=&#8221;.vc_custom_1626519165531{background-image: url(https:\/\/transparenciacontabilgyn.com.br\/old\/wp-content\/uploads\/2021\/07\/fhsh.jpg?id=3102) !important;background-position: center !important;background-repeat: no-repeat !important;background-size: cover !important;}&#8221;][wgl_double_headings title_color=&#8221;#ffffff&#8221; subtitle_color=&#8221;#ff7d00&#8243; title=&#8221;CONDOM\u00cdNIO &#8221; custom_title_color=&#8221;true&#8221; custom_subtitle_color=&#8221;true&#8221;][wgl_spacing spacer_size=&#8221;40px&#8221;][\/vc_column][\/vc_row][vc_row][vc_column][wgl_spacing spacer_size=&#8221;40px&#8221;][wgl_double_headings align=&#8221;center&#8221; title_color=&#8221;#252525&#8243; subtitle_color=&#8221;#ff7d00&#8243; title=&#8221;S\u00edndico, tenha mais autonomia e seguran\u00e7a na gest\u00e3o do seu Condom\u00ednio!&#8221; subtitle=&#8221;A Transpar\u00eancia tem um time de profissionais capacitados para realizar a gest\u00e3o cont\u00e1bil do seu Condom\u00ednio com a qualidade que voc\u00ea precisa!!&#8221;][wgl_spacing spacer_size=&#8221;30px&#8221;][wgl_custom_text [&hellip;]<\/p>\n","protected":false},"author":4,"featured_media":0,"parent":0,"menu_order":0,"comment_status":"closed","ping_status":"closed","template":"","meta":{"_seopress_robots_primary_cat":"","_seopress_titles_title":"","_seopress_titles_desc":"","_seopress_robots_index":""},"_links":{"self":[{"href":"https:\/\/transparenciacontabilgyn.com.br\/old\/wp-json\/wp\/v2\/pages\/3090"}],"collection":[{"href":"https:\/\/transparenciacontabilgyn.com.br\/old\/wp-json\/wp\/v2\/pages"}],"about":[{"href":"https:\/\/transparenciacontabilgyn.com.br\/old\/wp-json\/wp\/v2\/types\/page"}],"author":[{"embeddable":true,"href":"https:\/\/transparenciacontabilgyn.com.br\/old\/wp-json\/wp\/v2\/users\/4"}],"replies":[{"embeddable":true,"href":"https:\/\/transparenciacontabilgyn.com.br\/old\/wp-json\/wp\/v2\/comments?post=3090"}],"version-history":[{"count":2,"href":"https:\/\/transparenciacontabilgyn.com.br\/old\/wp-json\/wp\/v2\/pages\/3090\/revisions"}],"predecessor-version":[{"id":3103,"href":"https:\/\/transparenciacontabilgyn.com.br\/old\/wp-json\/wp\/v2\/pages\/3090\/revisions\/3103"}],"wp:attachment":[{"href":"https:\/\/transparenciacontabilgyn.com.br\/old\/wp-json\/wp\/v2\/media?parent=3090"}],"curies":[{"name":"wp","href":"https:\/\/api.w.org\/{rel}","templated":true}]}}