{"id":3064,"date":"2021-07-17T05:41:29","date_gmt":"2021-07-17T08:41:29","guid":{"rendered":"https:\/\/transparenciacontabilgyn.com.br\/old\/?page_id=3064"},"modified":"2021-07-17T07:22:31","modified_gmt":"2021-07-17T10:22:31","slug":"advocacia","status":"publish","type":"page","link":"https:\/\/transparenciacontabilgyn.com.br\/old\/advocacia\/","title":{"rendered":"Advocacia"},"content":{"rendered":"[vc_row][vc_column css=&#8221;.vc_custom_1626512849719{background-image: url(https:\/\/transparenciacontabilgyn.com.br\/old\/wp-content\/uploads\/2021\/07\/easrh-1.jpg?id=3068) !important;background-position: center !important;background-repeat: no-repeat !important;background-size: cover !important;}&#8221;][wgl_double_headings title_color=&#8221;#fcfcfc&#8221; subtitle_color=&#8221;#ff7d00&#8243; title=&#8221;ADVOCACIA&#8221; custom_title_color=&#8221;true&#8221;][vc_empty_space height=&#8221;70px&#8221;][\/vc_column][\/vc_row][vc_row][vc_column][vc_empty_space height=&#8221;5px&#8221;][\/vc_column][\/vc_row][vc_row][vc_column][wgl_double_headings align=&#8221;center&#8221; title_color=&#8221;#252525&#8243; subtitle_color=&#8221;#ff7d00&#8243; title=&#8221;Contabilidade para Advogados com planejamento tribut\u00e1rio e redu\u00e7\u00e3o de impostos.&#8221; subtitle=&#8221;RECEBA UMA CONSULTORIA GRATUITA!&#8221;][wgl_spacing spacer_size=&#8221;20px&#8221;][\/vc_column][\/vc_row][vc_row][vc_column][wgl_custom_text font_size=&#8221;16&#8243;]\n<p style=\"text-align: center;\">A equipe da Transpar\u00eancia conhece os principais pontos envolvidos na gest\u00e3o tribut\u00e1ria e cont\u00e1bil para advogados e escrit\u00f3rios de advocacia<\/p>\n[\/wgl_custom_text][\/vc_column][\/vc_row][vc_row][vc_column][wgl_custom_text font_size=&#8221;16&#8243;]Somos especialistas em contabilidade para advogados, sabemos suas dores, desejos, necessidades e regras espec\u00edficas para o segmento. Garantimos a defini\u00e7\u00e3o do regime de tributa\u00e7\u00e3o mais adequado para seu escrit\u00f3rio de advocacia. Temos um time especializado no atendimento ao setor jur\u00eddico com conhecimento em gest\u00e3o tribut\u00e1ria e cont\u00e1bil para <strong>Advogados<\/strong>.<\/p>\n<p>Auxiliamos desde o processo de abertura de sua empresa, elabora\u00e7\u00e3o de contrato na OAB, \u00e0 sele\u00e7\u00e3o da natureza jur\u00eddica de seu escrit\u00f3rio. Planejamos os c\u00e1lculos pr\u00f3-labore dos s\u00f3cios, e distribui\u00e7\u00e3o de lucros, visando \u00e0 menor incid\u00eancia de tributos e do Imposto de Renda.<\/p>\n<ul>\n<li><strong>Abertura de empresa;<\/strong><\/li>\n<li><strong>Altera\u00e7\u00e3o cadastral e contratual;<\/strong><\/li>\n<li><strong>Regulariza\u00e7\u00e3o junto \u00e0 OAB;<\/strong><\/li>\n<li><strong>Notas fiscais e sistema de gest\u00e3o;<\/strong><\/li>\n<li><strong>Remunera\u00e7\u00e3o e folha de pagamento;<\/strong><\/li>\n<li><strong>Assessoria trabalhista <\/strong><strong>(CLT);<\/strong><\/li>\n<li><strong>Distribui\u00e7\u00e3o de lucro a s\u00f3cios e associados<\/strong><\/li>\n<\/ul>\n[\/wgl_custom_text][\/vc_column][\/vc_row][vc_row][vc_column][wgl_time_line_vertical values=&#8221;%5B%7B%22title%22%3A%22OAB%22%2C%22descr%22%3A%22Auxiliamos%20em%20todo%20processo%20de%20abertura%20ou%20altera%C3%A7%C3%B5es%20da%20sua%20empresa.%20Desde%20a%20elabora%C3%A7%C3%A3o%20de%20contratos%20para%20OAB%20%C3%A0%20sele%C3%A7%C3%A3o%20da%20natureza%20jur%C3%ADdica%20do%20seu%20escrit%C3%B3rio.%20%22%2C%22color%22%3A%22%23ff7d00%22%2C%22active%22%3A%22true%22%7D%2C%7B%22title%22%3A%22PLANEJAMENTO%22%2C%22descr%22%3A%22Entre%20no%20mercado%20para%20competir%20com%20vantagem.%20Tenha%20uma%20equipe%20especializada%20para%20te%20auxiliar%20desde%20o%20Plano%20De%20Neg%C3%B3cio%20ao%20Planejamento%20Estrat%C3%A9gico%20da%20sua%20empresa.%22%2C%22color%22%3A%22%23ff7d00%22%2C%22active%22%3A%22true%22%7D%2C%7B%22title%22%3A%22MENOR%20IMPOSTO%22%2C%22descr%22%3A%22Pagar%20impostos%20sem%20planejamento%20pode%20afetar%20diretamente%20o%20lucro%20do%20seu%20neg%C3%B3cio.%20Oferecemos%20solu%C3%A7%C3%B5es%20fiscais%20para%20usar%20todos%20os%20benef%C3%ADcios%20legais%20ao%20seu%20favor.%22%2C%22color%22%3A%22%23ff7d00%22%2C%22active%22%3A%22true%22%7D%2C%7B%22title%22%3A%22GEST%C3%83O%20FINANCEIRA%22%2C%22descr%22%3A%22Potencialize%20os%20seus%20resultados%20com%20o%20sistema%20online%20de%20gest%C3%A3o%20financeira%20Transparencia.%20Controle%2C%20acompanhe%20e%20planeje%20as%20finan%C3%A7as%20da%20sua%20empresa%20com%20praticidade%20e%20seguran%C3%A7a.%22%2C%22color%22%3A%22%23ff7d00%22%7D%5D&#8221;][\/vc_column][\/vc_row][vc_row][vc_column][wgl_double_headings align=&#8221;center&#8221; title_color=&#8221;#252525&#8243; subtitle_color=&#8221;#ff7d00&#8243; title=&#8221;SERVI\u00c7OS DE CONTABILIDADE PARA ADVOGADOS&#8221;][\/vc_column][\/vc_row][vc_row][vc_column][wgl_spacing spacer_size=&#8221;20px&#8221;][wgl_custom_text font_size=&#8221;16&#8243;]\n<p style=\"text-align: center;\">Elaboramos todas as suas demonstra\u00e7\u00f5es cont\u00e1beis e disponibilizamos tamb\u00e9m em nossa plataforma online. Assim, voc\u00ea poder\u00e1 acessar todos os seus documentos sempre que precisar.<\/p>\n[\/wgl_custom_text][\/vc_column][\/vc_row][vc_row][vc_column width=&#8221;1\/2&#8243;][wgl_spacing spacer_size=&#8221;30px&#8221;][\/vc_column][\/vc_row][vc_row][vc_column width=&#8221;1\/3&#8243;][wgl_info_box ib_align=&#8221;center&#8221; icon_type=&#8221;font&#8221; icon_font_type=&#8221;type_fontawesome&#8221; icon_fontawesome=&#8221;fas fa-hand-holding-usd&#8221; ib_title=&#8221;FOLHA DE PAGAMENTO&#8221; ib_content=&#8221;Cuidamos de todas as obriga\u00e7\u00f5es trabalhistas para voc\u00ea, desde admiss\u00e3o, demiss\u00e3o, gera\u00e7\u00e3o de guias de recolhimento de impostos \u00e0 gerenciando a folha de pagamento, como sal\u00e1rios, benef\u00edcios, atestados, relacionamento com sindicatos, pr\u00f3-labore e etc.&#8221;][\/vc_column][vc_column width=&#8221;1\/3&#8243;][wgl_info_box ib_align=&#8221;center&#8221; icon_type=&#8221;font&#8221; icon_font_type=&#8221;type_fontawesome&#8221; icon_fontawesome=&#8221;fas fa-building&#8221; ib_title=&#8221;GUIAS DE IMPOSTOS&#8221; ib_subtitle=&#8221;Receba as suas guias de pagamento de impostos com anteced\u00eancia para fazer sua programa\u00e7\u00e3o de pagamentos. Disponibilizamos tanto por e-mail quanto em nossa plataforma online de contabilidade&#8221;][\/vc_column][vc_column width=&#8221;1\/3&#8243;][wgl_info_box ib_align=&#8221;center&#8221; icon_type=&#8221;font&#8221; icon_font_type=&#8221;type_fontawesome&#8221; icon_fontawesome=&#8221;fas fa-file-signature&#8221; ib_title=&#8221;DOCUMENTOS FISCAIS E CONT\u00c1BEIS&#8221; ib_content=&#8221;Elaboramos todas as suas demonstra\u00e7\u00f5es cont\u00e1beis e disponibilizamos tamb\u00e9m em nossa plataforma online. Assim, voc\u00ea poder\u00e1 acessar todos os seus documentos sempre que precisar.&#8221;][\/vc_column][\/vc_row][vc_row][vc_column width=&#8221;1\/3&#8243;][wgl_info_box ib_align=&#8221;center&#8221; icon_type=&#8221;font&#8221; icon_font_type=&#8221;type_fontawesome&#8221; icon_fontawesome=&#8221;fas fa-thumbs-up&#8221; ib_title=&#8221;LEGALIZA\u00c7\u00c3O E ALTERA\u00c7\u00c3O&#8221; ib_content=&#8221;Assessoria na hora de abrir sua empresa, seja unipessoal ou limitada, levando em considera\u00e7\u00e3o os aspectos legais e os principais pontos envolvidos na gest\u00e3o tribut\u00e1ria do seu neg\u00f3cio.&#8221;][\/vc_column][vc_column width=&#8221;1\/3&#8243;][wgl_info_box ib_align=&#8221;center&#8221; icon_type=&#8221;font&#8221; icon_font_type=&#8221;type_fontawesome&#8221; icon_fontawesome=&#8221;fas fa-donate&#8221; ib_title=&#8221;ASSESSORIA TRIBUT\u00c1RIA&#8221; ib_content=&#8221;O departamento de consultoria tribut\u00e1ria oferece assessoria para redu\u00e7\u00e3o da carga tribut\u00e1ria de forma legal, analisando cada caso, o contexto e a estrat\u00e9gia de neg\u00f3cios da empresa&#8221;][\/vc_column][vc_column width=&#8221;1\/3&#8243;][wgl_info_box ib_align=&#8221;center&#8221; icon_type=&#8221;font&#8221; icon_font_type=&#8221;type_fontawesome&#8221; icon_fontawesome=&#8221;fas fa-globe&#8221; ib_title=&#8221;SISTEMA ONLINE&#8221; ib_content=&#8221;Todos os seus documentos dispon\u00edveis 24 horas por dia em sua \u00e1rea do cliente. Contratos, guias de impostos, contra cheques, e tudo que voc\u00ea precisa ao alcance de um click em nossa plataforma de armazenamento online.&#8221;][\/vc_column][\/vc_row][vc_row][vc_column][wgl_double_headings align=&#8221;center&#8221; title_color=&#8221;#252525&#8243; subtitle_color=&#8221;#ff7d00&#8243; title=&#8221;A Transpar\u00eancia Contabilidade conta com um time de contadores especialistas no seu segmento sempre dispon\u00edvel para falar com VOC\u00ca!&#8221;][\/vc_column][\/vc_row][vc_row][vc_column][wgl_spacing spacer_size=&#8221;30px&#8221;][vc_btn title=&#8221;FALAR COM ESPECIALISTA&#8221; style=&#8221;gradient&#8221; gradient_color_1=&#8221;orange&#8221; gradient_color_2=&#8221;juicy-pink&#8221; size=&#8221;lg&#8221; align=&#8221;center&#8221; i_icon_fontawesome=&#8221;fab fa-whatsapp&#8221; add_icon=&#8221;true&#8221; link=&#8221;url:https%3A%2F%2Fapi.whatsapp.com%2Fsend%3Fphone%3D%2B5562992834146|target:_blank&#8221;][\/vc_column][\/vc_row]\n","protected":false},"excerpt":{"rendered":"<p>[vc_row][vc_column css=&#8221;.vc_custom_1626512849719{background-image: url(https:\/\/transparenciacontabilgyn.com.br\/old\/wp-content\/uploads\/2021\/07\/easrh-1.jpg?id=3068) !important;background-position: center !important;background-repeat: no-repeat !important;background-size: cover !important;}&#8221;][wgl_double_headings title_color=&#8221;#fcfcfc&#8221; subtitle_color=&#8221;#ff7d00&#8243; title=&#8221;ADVOCACIA&#8221; custom_title_color=&#8221;true&#8221;][vc_empty_space height=&#8221;70px&#8221;][\/vc_column][\/vc_row][vc_row][vc_column][vc_empty_space height=&#8221;5px&#8221;][\/vc_column][\/vc_row][vc_row][vc_column][wgl_double_headings align=&#8221;center&#8221; title_color=&#8221;#252525&#8243; subtitle_color=&#8221;#ff7d00&#8243; title=&#8221;Contabilidade para Advogados com planejamento tribut\u00e1rio e redu\u00e7\u00e3o de impostos.&#8221; subtitle=&#8221;RECEBA UMA CONSULTORIA GRATUITA!&#8221;][wgl_spacing spacer_size=&#8221;20px&#8221;][\/vc_column][\/vc_row][vc_row][vc_column][wgl_custom_text font_size=&#8221;16&#8243;] A equipe da Transpar\u00eancia conhece os principais pontos envolvidos na gest\u00e3o tribut\u00e1ria e cont\u00e1bil para advogados e escrit\u00f3rios de advocacia [&hellip;]<\/p>\n","protected":false},"author":4,"featured_media":0,"parent":0,"menu_order":0,"comment_status":"closed","ping_status":"closed","template":"","meta":{"_seopress_robots_primary_cat":"","_seopress_titles_title":"","_seopress_titles_desc":"","_seopress_robots_index":""},"_links":{"self":[{"href":"https:\/\/transparenciacontabilgyn.com.br\/old\/wp-json\/wp\/v2\/pages\/3064"}],"collection":[{"href":"https:\/\/transparenciacontabilgyn.com.br\/old\/wp-json\/wp\/v2\/pages"}],"about":[{"href":"https:\/\/transparenciacontabilgyn.com.br\/old\/wp-json\/wp\/v2\/types\/page"}],"author":[{"embeddable":true,"href":"https:\/\/transparenciacontabilgyn.com.br\/old\/wp-json\/wp\/v2\/users\/4"}],"replies":[{"embeddable":true,"href":"https:\/\/transparenciacontabilgyn.com.br\/old\/wp-json\/wp\/v2\/comments?post=3064"}],"version-history":[{"count":6,"href":"https:\/\/transparenciacontabilgyn.com.br\/old\/wp-json\/wp\/v2\/pages\/3064\/revisions"}],"predecessor-version":[{"id":3084,"href":"https:\/\/transparenciacontabilgyn.com.br\/old\/wp-json\/wp\/v2\/pages\/3064\/revisions\/3084"}],"wp:attachment":[{"href":"https:\/\/transparenciacontabilgyn.com.br\/old\/wp-json\/wp\/v2\/media?parent=3064"}],"curies":[{"name":"wp","href":"https:\/\/api.w.org\/{rel}","templated":true}]}}