{"id":3056,"date":"2021-07-17T05:17:56","date_gmt":"2021-07-17T08:17:56","guid":{"rendered":"https:\/\/transparenciacontabilgyn.com.br\/old\/?page_id=3056"},"modified":"2021-07-17T05:40:10","modified_gmt":"2021-07-17T08:40:10","slug":"microempreemdedor-individual","status":"publish","type":"page","link":"https:\/\/transparenciacontabilgyn.com.br\/old\/microempreemdedor-individual\/","title":{"rendered":"MICROEMPREEMDEDOR INDIVIDUAL"},"content":{"rendered":"[vc_row][vc_column css=&#8221;.vc_custom_1626509421502{background-image: url(https:\/\/transparenciacontabilgyn.com.br\/old\/wp-content\/uploads\/2021\/07\/man-593333_1920.jpg?id=3058) !important;background-position: center !important;background-repeat: no-repeat !important;background-size: cover !important;}&#8221;][wgl_double_headings align=&#8221;center&#8221; title_size=&#8221;50px&#8221; title_color=&#8221;#ffffff&#8221; subtitle_size=&#8221;30px&#8221; subtitle_color=&#8221;#ff7d00&#8243; title=&#8221;O QUE \u00c9 MEI?&#8221; custom_title_color=&#8221;true&#8221;][wgl_spacing spacer_size=&#8221;80px&#8221;][\/vc_column][\/vc_row][vc_row][vc_column][wgl_double_headings align=&#8221;center&#8221; title_color=&#8221;#252525&#8243; subtitle_color=&#8221;#ff7d00&#8243; title=&#8221;Conhe\u00e7a as vantagens de abrir um MEI&#8221;][\/vc_column][\/vc_row][vc_row][vc_column][wgl_spacing spacer_size=&#8221;80px&#8221;][wgl_custom_text font_size=&#8221;16&#8243;]MEI \u00e9 a abrevia\u00e7\u00e3o de Microempreendedor Individual. Ele pode faturar at\u00e9 R$ 81 mil ao ano ou proporcionalmente R$ 6750,00 por m\u00eas. Este empreendedor pode contratar at\u00e9 1 funcion\u00e1rio e o pagamento mensal de tributos atrav\u00e9s do DAS tem um valor Fixo.<\/p>\n<p>&nbsp;<\/p>\n<p>O Microempreendedor Individual \u00e9 um profissional liberal que trabalha por conta pr\u00f3pria e possui obriga\u00e7\u00f5es mais simplificadas. Mesmo sendo um sistema que possui suas facilidades, existem algumas regras e condi\u00e7\u00f5es primordiais para a formaliza\u00e7\u00e3o. Veja algumas caracter\u00edsticas do MEI:<\/p>\n<ul>\n<li>O MEI pode faturar um valor correspondente a m\u00e9dia mensal de R$ 6750,00, no m\u00e1ximo R$ 81.000,00 por ano, isto \u00e9, de janeiro a dezembro. Importante lembrar que caso a formaliza\u00e7\u00e3o ocorra ap\u00f3s o m\u00eas de janeiro, o faturamento permitido ser\u00e1 correspondente \u00e0 m\u00e9dia mensal multiplicado pela quantidade de meses restantes para finalizar o ano.<\/li>\n<li>Pode ter no m\u00e1ximo 1 empregado, pagando o valor do sal\u00e1rio m\u00ednimo ou piso da categoria que a empresa estiver inserida;<\/li>\n<li>O MEI n\u00e3o pode ser s\u00f3cio e nem participar de sociedade de outra empresa;<\/li>\n<li>Enquadrar nas atividades permitidas ao microempreendedor (pode ter 1 atividade principal e at\u00e9 15 atividades secund\u00e1rias);<\/li>\n<li>A idade m\u00ednima para abertura de uma empresa sendo MEI \u00e9 de 18 anos, ou jovens com mais de 16 anos que sejam emancipados;<\/li>\n<li>Pode emitir nota fiscal, mas n\u00e3o \u00e9 obrigado;<\/li>\n<li>O limite de compras (produtos) para o MEI \u00e9 de R$ 5.400,00, m\u00e1ximo R$ 64.800 por ano;<\/li>\n<li>Outro ponto de destaque \u00e9 que o MEI pode trabalhar em casa ou na rua (ambulante), n\u00e3o precisa ter loja ou ponto comercial ou um lugar certo para exercer as atividades.<\/li>\n<\/ul>\n[\/wgl_custom_text][\/vc_column][\/vc_row][vc_row][vc_column][wgl_time_line_vertical css_animation=&#8221;fadeIn&#8221; values=&#8221;%5B%7B%22title%22%3A%22Formalize%20seu%20neg%C3%B3cio%22%2C%22descr%22%3A%22Fique%20em%20dia%5Cncom%20as%20obriga%C3%A7%C3%B5es%20legais%20da%20sua%5Cnempresa.%22%2C%22color%22%3A%22%23ff7d00%22%2C%22active%22%3A%22true%22%7D%2C%7B%22title%22%3A%22Benef%C3%ADcios%20do%20INSS%22%2C%22descr%22%3A%22Garanta%20benef%C3%ADcios%20como%5Cnaposentadoria%20por%20idade%2C%20aux%C3%ADlio%20doen%C3%A7a%20e%20sal%C3%A1rio-maternidade.%22%2C%22color%22%3A%22%23ff7d00%22%2C%22active%22%3A%22true%22%7D%2C%7B%22title%22%3A%22Emita%20Nota%20Fiscal%22%2C%22descr%22%3A%22Emita%20nota%20fiscal%20e%20garanta%20mais%20negocia%C3%A7%C3%B5es%20para%20sua%20empresa.%22%2C%22color%22%3A%22%23ff7d00%22%2C%22active%22%3A%22true%22%7D%5D&#8221;][\/vc_column][\/vc_row][vc_row][vc_column][wgl_double_headings align=&#8221;center&#8221; title_color=&#8221;#252525&#8243; subtitle_color=&#8221;#ff7d00&#8243; title=&#8221;Quanto o MEI paga de impostos?&#8221;][\/vc_column][\/vc_row][vc_row][vc_column][wgl_custom_text font_size=&#8221;16&#8243;]\n<p style=\"text-align: center;\">O imposto do Microempreendedor Individual \u00e9 calculado com base na atividade, sal\u00e1rio m\u00ednimo vigente, e \u00e9 recolhido atrav\u00e9s do DAS (Documento de Arrecada\u00e7\u00e3o do Simples Nacional). O pagamento do DAS \u00e9 feito todos os meses, independente do faturamento, e garante benef\u00edcios previdenci\u00e1rios.<\/p>\n<h4><\/h4>\n<p style=\"text-align: center;\">[\/wgl_custom_text][\/vc_column][\/vc_row][vc_row][vc_column width=&#8221;1\/4&#8243;][wgl_pricing_table icon_type=&#8221;none&#8221; button_title=&#8221;&#8221; pricing_cur=&#8221;R$&#8221; pricing_price=&#8221;53,25&#8243; pricing_desc=&#8221;Com\u00e9rcio e Ind\u00fastria&#8221;][\/wgl_pricing_table][\/vc_column][vc_column width=&#8221;1\/2&#8243;][wgl_pricing_table icon_type=&#8221;none&#8221; button_title=&#8221;&#8221; pricing_title=&#8221;VALOR DE IMPOSTO&#8221; pricing_cur=&#8221;R$&#8221; pricing_price=&#8221;58,25&#8243; pricing_desc=&#8221;Com\u00e9rcio e Servi\u00e7os&#8221;][\/wgl_pricing_table][\/vc_column][vc_column width=&#8221;1\/4&#8243;][wgl_pricing_table icon_type=&#8221;none&#8221; button_title=&#8221;&#8221; pricing_cur=&#8221;R$&#8221; pricing_price=&#8221;57,25&#8243; pricing_desc=&#8221;Servi\u00e7os&#8221;][\/wgl_pricing_table][\/vc_column][\/vc_row][vc_row][vc_column][wgl_double_headings align=&#8221;center&#8221; title_color=&#8221;#252525&#8243; subtitle_color=&#8221;#ff7d00&#8243; title=&#8221;Abrir um CNPJ MEI \u00e9 simples e r\u00e1pido!!&#8221; subtitle=&#8221;Obtenha seu CNPJ de forma segura! Entre em contato com o time de especialistas da Transpar\u00eancia&#8221;][wgl_spacing spacer_size=&#8221;15px&#8221;][vc_btn title=&#8221;QUERO ABRIR UM MEI !&#8221; style=&#8221;gradient&#8221; gradient_color_1=&#8221;blue&#8221; gradient_color_2=&#8221;purple&#8221; size=&#8221;lg&#8221; align=&#8221;center&#8221; link=&#8221;url:https%3A%2F%2Fapi.whatsapp.com%2Fsend%3Fphone%3D%2B5562992834146|target:_blank&#8221;][\/vc_column][\/vc_row]\n","protected":false},"excerpt":{"rendered":"<p>[vc_row][vc_column css=&#8221;.vc_custom_1626509421502{background-image: url(https:\/\/transparenciacontabilgyn.com.br\/old\/wp-content\/uploads\/2021\/07\/man-593333_1920.jpg?id=3058) !important;background-position: center !important;background-repeat: no-repeat !important;background-size: cover !important;}&#8221;][wgl_double_headings align=&#8221;center&#8221; title_size=&#8221;50px&#8221; title_color=&#8221;#ffffff&#8221; subtitle_size=&#8221;30px&#8221; subtitle_color=&#8221;#ff7d00&#8243; title=&#8221;O QUE \u00c9 MEI?&#8221; custom_title_color=&#8221;true&#8221;][wgl_spacing spacer_size=&#8221;80px&#8221;][\/vc_column][\/vc_row][vc_row][vc_column][wgl_double_headings align=&#8221;center&#8221; title_color=&#8221;#252525&#8243; subtitle_color=&#8221;#ff7d00&#8243; title=&#8221;Conhe\u00e7a as vantagens de abrir um MEI&#8221;][\/vc_column][\/vc_row][vc_row][vc_column][wgl_spacing spacer_size=&#8221;80px&#8221;][wgl_custom_text font_size=&#8221;16&#8243;]MEI \u00e9 a abrevia\u00e7\u00e3o de Microempreendedor Individual. Ele pode faturar at\u00e9 R$ 81 mil ao ano ou proporcionalmente R$ 6750,00 por m\u00eas. Este [&hellip;]<\/p>\n","protected":false},"author":4,"featured_media":0,"parent":0,"menu_order":0,"comment_status":"closed","ping_status":"closed","template":"","meta":{"_seopress_robots_primary_cat":"","_seopress_titles_title":"","_seopress_titles_desc":"","_seopress_robots_index":""},"_links":{"self":[{"href":"https:\/\/transparenciacontabilgyn.com.br\/old\/wp-json\/wp\/v2\/pages\/3056"}],"collection":[{"href":"https:\/\/transparenciacontabilgyn.com.br\/old\/wp-json\/wp\/v2\/pages"}],"about":[{"href":"https:\/\/transparenciacontabilgyn.com.br\/old\/wp-json\/wp\/v2\/types\/page"}],"author":[{"embeddable":true,"href":"https:\/\/transparenciacontabilgyn.com.br\/old\/wp-json\/wp\/v2\/users\/4"}],"replies":[{"embeddable":true,"href":"https:\/\/transparenciacontabilgyn.com.br\/old\/wp-json\/wp\/v2\/comments?post=3056"}],"version-history":[{"count":4,"href":"https:\/\/transparenciacontabilgyn.com.br\/old\/wp-json\/wp\/v2\/pages\/3056\/revisions"}],"predecessor-version":[{"id":3063,"href":"https:\/\/transparenciacontabilgyn.com.br\/old\/wp-json\/wp\/v2\/pages\/3056\/revisions\/3063"}],"wp:attachment":[{"href":"https:\/\/transparenciacontabilgyn.com.br\/old\/wp-json\/wp\/v2\/media?parent=3056"}],"curies":[{"name":"wp","href":"https:\/\/api.w.org\/{rel}","templated":true}]}}