{"id":229,"date":"2021-03-22T10:29:33","date_gmt":"2021-03-22T13:29:33","guid":{"rendered":"https:\/\/transparenciacontabilgyn.com.br\/old\/contato\/"},"modified":"2021-07-19T14:54:41","modified_gmt":"2021-07-19T17:54:41","slug":"contato","status":"publish","type":"page","link":"https:\/\/transparenciacontabilgyn.com.br\/old\/contato\/","title":{"rendered":"Contato"},"content":{"rendered":"[vc_row][vc_column][vc_column_text]\n<h2>FALE CONOSCO<\/h2>\n<p>Disponibilizamos meios r\u00e1pidos e pr\u00e1ticos para que voc\u00ea tenha o atendimento ao seu tempo.<\/p>\n<p>Voc\u00ea pode tamb\u00e9m falar conosco por liga\u00e7\u00e3o, WhatsApp ou at\u00e9 mesmo vindo at\u00e9 a n\u00f3s!<\/p>\n<ul>\n<li>(62) 3639-0109 (62) 99283-4146<\/li>\n<li>contato@transparenciacontabilgyn.com.br<\/li>\n<li>The Prime Tamandar\u00e9 Office Rua 5, N 691, Sala 1312 Setor Oeste, Goi\u00e2nia &#8211; GO, 74115-060<\/li>\n<\/ul>\n<p>&nbsp;[\/vc_column_text][\/vc_column][\/vc_row][vc_row][vc_column width=&#8221;1\/2&#8243;][vc_gmaps link=&#8221;#E-8_JTNDaWZyYW1lJTIwc3JjJTNEJTIyaHR0cHMlM0ElMkYlMkZ3d3cuZ29vZ2xlLmNvbSUyRm1hcHMlMkZlbWJlZCUzRnBiJTNEJTIxMW0xNCUyMTFtOCUyMTFtMyUyMTFkNzY0My43ODc4MzY0OTg0JTIxMmQtNDkuMjY0NDIxNTc0Njg1NDclMjEzZC0xNi42ODIxOTEwNzA4ODQ2ODQlMjEzbTIlMjExaTEwMjQlMjEyaTc2OCUyMTRmMTMuMSUyMTNtMyUyMTFtMiUyMTFzMHg5MzVlZjE1MmFlY2E4MDE1JTI1M0EweDcxYzY2MTE1YzA1ZTA5YWElMjEyc1IuJTI1MjA1JTI1MkMlMjUyMDY5MSUyNTIwLSUyNTIwU3QuJTI1MjBPZXN0ZSUyNTJDJTI1MjBHb2klMjVDMyUyNUEybmlhJTI1MjAtJTI1MjBHTyUyNTJDJTI1MjA3NDExNS0wNjAlMjUyQyUyNTIwQnJhc2lsJTIxNWUwJTIxM20yJTIxMXNwdC1CUiUyMTJzdXMlMjE0djE2MjY3MTY3NjY2MTklMjE1bTIlMjExc3B0LUJSJTIxMnN1cyUyMiUyMHdpZHRoJTNEJTIyNDAwJTIyJTIwaGVpZ2h0JTNEJTIyMzAwJTIyJTIwc3R5bGUlM0QlMjJib3JkZXIlM0EwJTNCJTIyJTIwYWxsb3dmdWxsc2NyZWVuJTNEJTIyJTIyJTIwbG9hZGluZyUzRCUyMmxhenklMjIlM0UlM0MlMkZpZnJhbWUlM0U=&#8221;][\/vc_column][vc_column width=&#8221;1\/2&#8243;][wgl_double_headings align=&#8221;center&#8221; title_color=&#8221;#252525&#8243; subtitle_color=&#8221;#ff7d00&#8243; title=&#8221;SEJA ATENDIDO AGORA !&#8221; subtitle=&#8221;Mande uma mensagem no nosso WhatsApp!&#8221;][vc_btn title=&#8221;MANDE UMA MENSAGEM&#8221; style=&#8221;gradient&#8221; gradient_color_1=&#8221;green&#8221; gradient_color_2=&#8221;vista-blue&#8221; align=&#8221;center&#8221; i_icon_fontawesome=&#8221;fab fa-whatsapp&#8221; add_icon=&#8221;true&#8221; link=&#8221;url:https%3A%2F%2Fapi.whatsapp.com%2Fsend%3Fphone%3D%2B5562992834146|target:_blank&#8221;][\/vc_column][\/vc_row]\n","protected":false},"excerpt":{"rendered":"<p>[vc_row][vc_column][vc_column_text] FALE CONOSCO Disponibilizamos meios r\u00e1pidos e pr\u00e1ticos para que voc\u00ea tenha o atendimento ao seu tempo. Voc\u00ea pode tamb\u00e9m falar conosco por liga\u00e7\u00e3o, WhatsApp ou at\u00e9 mesmo vindo at\u00e9 a n\u00f3s! (62) 3639-0109 (62) 99283-4146 contato@transparenciacontabilgyn.com.br The Prime Tamandar\u00e9 Office Rua 5, N 691, Sala 1312 Setor Oeste, Goi\u00e2nia &#8211; GO, 74115-060 &nbsp;[\/vc_column_text][\/vc_column][\/vc_row][vc_row][vc_column width=&#8221;1\/2&#8243;][vc_gmaps [&hellip;]<\/p>\n","protected":false},"author":1,"featured_media":0,"parent":0,"menu_order":0,"comment_status":"closed","ping_status":"closed","template":"","meta":{"_seopress_robots_primary_cat":"","_seopress_titles_title":"","_seopress_titles_desc":"","_seopress_robots_index":""},"_links":{"self":[{"href":"https:\/\/transparenciacontabilgyn.com.br\/old\/wp-json\/wp\/v2\/pages\/229"}],"collection":[{"href":"https:\/\/transparenciacontabilgyn.com.br\/old\/wp-json\/wp\/v2\/pages"}],"about":[{"href":"https:\/\/transparenciacontabilgyn.com.br\/old\/wp-json\/wp\/v2\/types\/page"}],"author":[{"embeddable":true,"href":"https:\/\/transparenciacontabilgyn.com.br\/old\/wp-json\/wp\/v2\/users\/1"}],"replies":[{"embeddable":true,"href":"https:\/\/transparenciacontabilgyn.com.br\/old\/wp-json\/wp\/v2\/comments?post=229"}],"version-history":[{"count":17,"href":"https:\/\/transparenciacontabilgyn.com.br\/old\/wp-json\/wp\/v2\/pages\/229\/revisions"}],"predecessor-version":[{"id":3177,"href":"https:\/\/transparenciacontabilgyn.com.br\/old\/wp-json\/wp\/v2\/pages\/229\/revisions\/3177"}],"wp:attachment":[{"href":"https:\/\/transparenciacontabilgyn.com.br\/old\/wp-json\/wp\/v2\/media?parent=229"}],"curies":[{"name":"wp","href":"https:\/\/api.w.org\/{rel}","templated":true}]}}