{"id":145,"date":"2021-03-20T15:39:25","date_gmt":"2021-03-20T18:39:25","guid":{"rendered":"https:\/\/transparenciacontabilgyn.com.br\/old\/?page_id=145"},"modified":"2021-07-19T15:48:41","modified_gmt":"2021-07-19T18:48:41","slug":"quem-somos","status":"publish","type":"page","link":"https:\/\/transparenciacontabilgyn.com.br\/old\/quem-somos\/","title":{"rendered":"Quem Somos"},"content":{"rendered":"[vc_row][vc_column][vc_empty_space height=&#8221;200px&#8221; css=&#8221;.vc_custom_1626713818980{margin-top: -40px !important;padding-top: 100px !important;background-image: url(https:\/\/transparenciacontabilgyn.com.br\/old\/wp-content\/uploads\/2021\/07\/cnxmjdtk.jpg?id=3166) !important;background-position: center !important;background-repeat: no-repeat !important;background-size: cover !important;}&#8221;][\/vc_column][\/vc_row][vc_row][vc_column][wgl_spacing spacer_size=&#8221;40px&#8221;][wgl_custom_text font_size=&#8221;16&#8243;]\n<p style=\"margin-top: 0cm; background: white;\"><span style=\"font-family: 'Arial',sans-serif; color: #2b2b2b;\">A <strong>Transpar\u00eancia Contabilidade<\/strong> preocupa-se em entender a necessidade da sua empresa ou condom\u00ednio, independentemente do porte ou segmento, buscamos solu\u00e7\u00f5es precisas para assegurar a qualidade e boa gest\u00e3o dos seus processos.\u00a0<\/span><\/p>\n<p style=\"margin-top: 0cm; background: white; text-align: left;\"><span style=\"font-family: 'Arial',sans-serif; color: #2b2b2b;\">Localizada no Edif\u00edcio The Prime Office Tamandar\u00e9, Setor Oeste, Goi\u00e2nia, conta com uma equipe qualificada colaboradores, com profissionais que atuam a mais h\u00e1 de 16 anos no mercado, graduados em Ci\u00eancias Cont\u00e1beis, Administra\u00e7\u00e3o de Empresas e especializados em Auditoria e Planejamento tribut\u00e1rio.<\/span><\/p>\n[\/wgl_custom_text][\/vc_column][\/vc_row][vc_row][vc_column][wgl_spacing spacer_size=&#8221;40px&#8221;][wgl_double_headings title_color=&#8221;#252525&#8243; subtitle_color=&#8221;#ff7d00&#8243; title=&#8221;CLAREZA E LIMPIDEZ&#8221;][wgl_custom_text font_size=&#8221;16&#8243;]\n<p style=\"text-align: left;\">Assim como a \u00e1gua, temos um compromisso com a clareza e limpidez de toda nossa consultoria e assessoria, fornecendo ao seu negocio maior fluidez.<\/p>\n[\/wgl_custom_text][wgl_double_headings title_color=&#8221;#252525&#8243; subtitle_color=&#8221;#ff7d00&#8243; title=&#8221;NITIDEZ&#8221;][wgl_custom_text font_size=&#8221;16&#8243;]Um dos nossos objetivos \u00e9 tornar n\u00edtido aos olhos, todas as informa\u00e7\u00f5es que proporcionar\u00e3o resultados e crescimento para o seu negocio![\/wgl_custom_text][wgl_spacing spacer_size=&#8221;30px&#8221;][vc_empty_space height=&#8221;200&#8243; css=&#8221;.vc_custom_1626715634189{margin-bottom: 0px !important;border-top-width: 0px !important;background-image: url(https:\/\/transparenciacontabilgyn.com.br\/old\/wp-content\/uploads\/2018\/08\/fundo-pagina-inicial-2.jpg?id=2487) !important;background-position: center !important;background-repeat: no-repeat !important;background-size: cover !important;border-radius: 25px !important;}&#8221;][wgl_spacing spacer_size=&#8221;30px&#8221;][wgl_double_headings align=&#8221;center&#8221; title_color=&#8221;#252525&#8243; subtitle_color=&#8221;#ff7d00&#8243; title=&#8221;NOSSA MISS\u00c3O&#8221;][wgl_custom_text font_size=&#8221;16&#8243;]\n<p class=\"elementor-image-box-description\" style=\"margin: 0cm; background: white; text-align: center;\"><span style=\"font-family: 'Arial',sans-serif; color: #333333;\">Fornecer servi\u00e7os de elevado padr\u00e3o de qualidade nas \u00e1reas de contabilidade, fiscal, trabalhista e legaliza\u00e7\u00e3o de empresas, assegurando a plena satisfa\u00e7\u00e3o quanto \u00e1 qualidade, prazos de entrega, rapidez e precis\u00e3o das informa\u00e7\u00f5es, possibilitando o cumprimento das obriga\u00e7\u00f5es legais e assessorando a administra\u00e7\u00e3o das atividades empresarias de forma inovadora e em parceria.<\/span><\/p>\n[\/wgl_custom_text][wgl_double_headings align=&#8221;center&#8221; title_color=&#8221;#252525&#8243; subtitle_color=&#8221;#ff7d00&#8243; title=&#8221;NOSSA VIS\u00c3O&#8221;][wgl_custom_text font_size=&#8221;16&#8243;]\n<p class=\"elementor-image-box-description\" style=\"margin: 0cm; background: white; text-align: center;\"><span style=\"font-family: 'Arial',sans-serif; color: #333333;\">Est\u00e1 entre as grandes e conceituadas empresas brasileiras provedoras de servi\u00e7os cont\u00e1beis e ser refer\u00eancia de mercado, sempre empregado alta tecnologia e com constante capacita\u00e7\u00e3o profissional!<\/span><\/p>\n[\/wgl_custom_text][wgl_double_headings align=&#8221;center&#8221; title_color=&#8221;#252525&#8243; subtitle_color=&#8221;#ff7d00&#8243; title=&#8221;NOSSOS VALORES&#8221;][wgl_time_line_vertical css_animation=&#8221;fadeIn&#8221; values=&#8221;%5B%7B%22title%22%3A%22Transpar%C3%AAncia%20e%20%C3%A9tica%22%2C%22color%22%3A%22%23ff7d00%22%7D%2C%7B%22title%22%3A%22Respeito%20ao%20profissional%22%2C%22color%22%3A%22%23ff7d00%22%7D%2C%7B%22title%22%3A%22Compromisso%20com%20o%20Cliente%22%2C%22color%22%3A%22%23ff7d00%22%7D%2C%7B%22title%22%3A%22Disciplina%22%2C%22color%22%3A%22%23ff7d00%22%7D%2C%7B%22title%22%3A%22Organiza%C3%A7%C3%A3o%22%2C%22color%22%3A%22%23ff7d00%22%7D%2C%7B%22title%22%3A%22Qualidade%22%2C%22color%22%3A%22%23ff7d00%22%7D%2C%7B%22title%22%3A%22Efici%C3%AAncia%22%2C%22color%22%3A%22%23ff7d00%22%7D%5D&#8221;][\/vc_column][\/vc_row][vc_row][vc_column][vc_wp_rss][\/vc_column][\/vc_row][vc_row][vc_column][wgl_double_headings align=&#8221;center&#8221; title_color=&#8221;#252525&#8243; subtitle_color=&#8221;#ff7d00&#8243; title=&#8221;Porque Contratar a Transpar\u00eancia?&#8221; subtitle=&#8221;Contamos com um time de contadores especialistas no seu segmento, sempre dispon\u00edvel para te atender!&#8221;][wgl_spacing spacer_size=&#8221;30px&#8221;][vc_btn title=&#8221;CLIQUE AQUI E SAIBA MAIS!&#8221; style=&#8221;gradient&#8221; size=&#8221;lg&#8221; align=&#8221;center&#8221; i_align=&#8221;right&#8221; i_type=&#8221;typicons&#8221; i_icon_typicons=&#8221;typcn typcn-zoom-outline&#8221; add_icon=&#8221;true&#8221; link=&#8221;url:https%3A%2F%2Ftransparenciacontabilgyn.com.br%2Fold%2Fporque-contratar-a-transparencia%2F&#8221;][\/vc_column][\/vc_row]\n","protected":false},"excerpt":{"rendered":"<p>[vc_row][vc_column][vc_empty_space height=&#8221;200px&#8221; css=&#8221;.vc_custom_1626713818980{margin-top: -40px !important;padding-top: 100px !important;background-image: url(https:\/\/transparenciacontabilgyn.com.br\/old\/wp-content\/uploads\/2021\/07\/cnxmjdtk.jpg?id=3166) !important;background-position: center !important;background-repeat: no-repeat !important;background-size: cover !important;}&#8221;][\/vc_column][\/vc_row][vc_row][vc_column][wgl_spacing spacer_size=&#8221;40px&#8221;][wgl_custom_text font_size=&#8221;16&#8243;] A Transpar\u00eancia Contabilidade preocupa-se em entender a necessidade da sua empresa ou condom\u00ednio, independentemente do porte ou segmento, buscamos solu\u00e7\u00f5es precisas para assegurar a qualidade e boa gest\u00e3o dos seus processos.\u00a0 Localizada no Edif\u00edcio The Prime Office Tamandar\u00e9, [&hellip;]<\/p>\n","protected":false},"author":1,"featured_media":0,"parent":0,"menu_order":0,"comment_status":"closed","ping_status":"closed","template":"","meta":{"_seopress_robots_primary_cat":"","_seopress_titles_title":"","_seopress_titles_desc":"","_seopress_robots_index":""},"_links":{"self":[{"href":"https:\/\/transparenciacontabilgyn.com.br\/old\/wp-json\/wp\/v2\/pages\/145"}],"collection":[{"href":"https:\/\/transparenciacontabilgyn.com.br\/old\/wp-json\/wp\/v2\/pages"}],"about":[{"href":"https:\/\/transparenciacontabilgyn.com.br\/old\/wp-json\/wp\/v2\/types\/page"}],"author":[{"embeddable":true,"href":"https:\/\/transparenciacontabilgyn.com.br\/old\/wp-json\/wp\/v2\/users\/1"}],"replies":[{"embeddable":true,"href":"https:\/\/transparenciacontabilgyn.com.br\/old\/wp-json\/wp\/v2\/comments?post=145"}],"version-history":[{"count":99,"href":"https:\/\/transparenciacontabilgyn.com.br\/old\/wp-json\/wp\/v2\/pages\/145\/revisions"}],"predecessor-version":[{"id":3201,"href":"https:\/\/transparenciacontabilgyn.com.br\/old\/wp-json\/wp\/v2\/pages\/145\/revisions\/3201"}],"wp:attachment":[{"href":"https:\/\/transparenciacontabilgyn.com.br\/old\/wp-json\/wp\/v2\/media?parent=145"}],"curies":[{"name":"wp","href":"https:\/\/api.w.org\/{rel}","templated":true}]}}